{"id":1281,"date":"2018-02-24T09:28:37","date_gmt":"2018-02-24T08:28:37","guid":{"rendered":"https:\/\/www.lacremedeparis.com\/?page_id=1281"},"modified":"2021-10-19T20:01:40","modified_gmt":"2021-10-19T18:01:40","slug":"mentions-legales","status":"publish","type":"page","link":"https:\/\/www.lacremedeparis.com\/sv\/mentions-legales\/","title":{"rendered":"Juridiskt meddelande och anv\u00e4ndarvillkor"},"content":{"rendered":"<div class=\"wpb-content-wrapper\"><p>{:en}<div      class=\"vc_row wpb_row section vc_row-fluid\" style=' text-align:left;'><div class=\"full_section_inner clearfix\"><div class=\"wpb_column vc_column_container vc_col-sm-12\"><div class=\"vc_column-inner\"><div class=\"wpb_wrapper\"><div class=\"separator  transparent\" style=\"margin-top: 110px;\"><\/div>\n<\/div><\/div><\/div><\/div><\/div><div      class=\"vc_row wpb_row section vc_row-fluid\" style=' text-align:left;'><div class=\"full_section_inner clearfix\"><div class=\"wpb_column vc_column_container vc_col-sm-6 vc_col-has-fill\"><div class=\"vc_column-inner vc_custom_1519462687529\"><div class=\"wpb_wrapper\">\n\t<div class=\"wpb_text_column wpb_content_element\">\n\t\t<div class=\"wpb_wrapper\">\n\t\t\t<h4>R\u00c4TTSLIGA MEDDELANDEN<\/h4>\n<h5>CHRISTEPH SARL AU CAPITAL DE 1000 euro<\/h5>\n<h5><span class=\"ficheNumSiren\">751 447 947<\/span> \u00a0<span class=\"ficheStatut\">R.C.S.<\/span>\u00a0<span class=\"ficheGreffeNom top\">PARIS<\/span><br \/>\nSiretnummer 75144794700019 - APE 5610A<\/h5>\n<p>Registrerat kontor : 4 RUE DU FAUBOURG MONTMARTRE 75009 PARIS<\/p>\n<div class=\"separator  transparent center\" style=\"margin-top: 10px;\"><\/div>\n\n<h5><strong>Direkt\u00f6r f\u00f6r publikationen<\/strong><\/h5>\n<p>Christine Combettes<br \/>\nRESTAURANG \"La Cr\u00e8me de Paris<\/p>\n<div class=\"separator  transparent center\" style=\"margin-top: 10px;\"><\/div>\n\n<h5><strong>V\u00e4rd<\/strong><\/h5>\n<p><strong>OVH Frankrike<\/strong><br \/>\nSAS med ett kapital p\u00e5 10 069 020 euro.<br \/>\nRCS Lille M\u00e9tropole 424 761 419 00045<br \/>\nAPE-kod 2620Z<br \/>\nMOMSNUMMER: FR 22 424 761 419<br \/>\nHuvudkontor: 2 rue Kellermann - 59100 Roubaix - Frankrike.<\/p>\n<div class=\"separator  transparent center\" style=\"margin-top: 10px;\"><\/div>\n\n<h5><strong>Fotograf<\/strong><\/h5>\n<p><a href=\"http:\/\/emiliealbert.fr\/\" target=\"_blank\" rel=\"noopener\">Emilie Albert<\/a><\/p>\n<div class=\"separator  transparent center\" style=\"margin-top: 10px;\"><\/div>\n\n<h5><strong>Webdesigner<\/strong><\/h5>\n<p>Uppror<\/p>\n<p><a href=\"https:\/\/picturgency.com\" target=\"_blank\" rel=\"noopener\">www.picturgency.com<\/a><\/p>\n\n\t\t<\/div> \n\t<\/div> <div class=\"separator  transparent\" style=\"margin-top: 50px;\"><\/div>\n<\/div><\/div><\/div><div class=\"wpb_column vc_column_container vc_col-sm-6 vc_col-has-fill\"><div class=\"vc_column-inner vc_custom_1519462700502\"><div class=\"wpb_wrapper\">\n\t<div class=\"wpb_text_column wpb_content_element\">\n\t\t<div class=\"wpb_wrapper\">\n\t\t\t<h4>VILLKOR F\u00d6R ANV\u00c4NDNING<\/h4>\n<p>Genom att bes\u00f6ka webbplatsen www.lacremedeparis.com godk\u00e4nner du dessa allm\u00e4nna anv\u00e4ndningsvillkor.<\/p>\n<div class=\"separator  transparent center\" style=\"margin-top: 10px;\"><\/div>\n\n<h4>Immateriella r\u00e4ttigheter<\/h4>\n<div class=\"separator  transparent center\" style=\"margin-top: 5px;\"><\/div>\n\n<h5><strong>1. Upphovsr\u00e4tt<\/strong><\/h5>\n<p>Webbplatsen www.lacremedeparis.com utg\u00f6r en intellektuell skapelse som restaurangen \"La Cr\u00e8me de Paris\" \u00e4r upphovsman till i den mening som avses i artiklarna L. 111.1 och f\u00f6ljande i lagen om immateriella r\u00e4ttigheter.<\/p>\n<div class=\"separator  transparent center\" style=\"margin-top: 5px;\"><\/div>\n\n<p>Alla element som finns p\u00e5 webbplatsen www.lacremedeparis.com, inklusive fotografier, texter, slogans, ritningar, bilder, animerade sekvenser med eller utan ljud, samt alla intellektuella skapelser som integreras i webbplatsen www.lacremedeparis.com, tillh\u00f6r restaurangen \"La Cr\u00e8me de Paris\", med undantag f\u00f6r v\u00e5ra kunders Instagram-fotogallerier som publiceras p\u00e5 detta sociala n\u00e4tverk och som samlas in med hj\u00e4lp av ett automatiserat fl\u00f6de fr\u00e5n instagram #lacremedeparis.<\/p>\n<div class=\"separator  transparent center\" style=\"margin-top: 5px;\"><\/div>\n\n<p>All reproduktion, representation, anv\u00e4ndning, anpassning eller modifiering av hela eller delar av webbplatsen www.lacremedeparis.com, p\u00e5 vilket s\u00e4tt som helst och p\u00e5 vilket medium som helst, utan att i f\u00f6rv\u00e4g ha f\u00e5tt tillst\u00e5nd av restaurangen \"La Cr\u00e8me de Paris\", \u00e4r str\u00e4ngt f\u00f6rbjuden och utg\u00f6r ett brott mot upphovsr\u00e4tten.<\/p>\n<div class=\"separator  transparent center\" style=\"margin-top: 5px;\"><\/div>\n\n<p>Bloggare och journalister f\u00e5r dock ta sk\u00e4rmdumpar f\u00f6r sina artiklar om v\u00e5r restaurang \"La Cr\u00e8me de Paris\".<\/p>\n<div class=\"separator  transparent center\" style=\"margin-top: 10px;\"><\/div>\n\n<h5><strong>2. Varum\u00e4rkesr\u00e4ttigheter<\/strong><\/h5>\n<p>Namnet \"La Cr\u00e8me de Paris\" och logotypen \"La Cr\u00e8me de Paris\" \u00e4r registrerade varum\u00e4rken som tillh\u00f6r restaurangen \"La Cr\u00e8me de Paris\".<\/p>\n<div class=\"separator  transparent center\" style=\"margin-top: 5px;\"><\/div>\n\n<p>Det \u00e4r str\u00e4ngt f\u00f6rbjudet att reproducera, representera, anv\u00e4nda, anpassa eller \u00e4ndra dessa varum\u00e4rken utan f\u00f6reg\u00e5ende tillst\u00e5nd fr\u00e5n restaurangen \"La Cr\u010dme de Paris\" och detta utg\u00f6r ett brott mot upphovsr\u00e4tten.<\/p>\n<div class=\"separator  transparent center\" style=\"margin-top: 10px;\"><\/div>\n\n<h5><strong>3. Ansvar<\/strong><\/h5>\n<p>Restaurangen \"La Cr\u00e8me de Paris\" kan inte h\u00e5llas ansvarig f\u00f6r direkta eller indirekta skador, s\u00e4rskilt materiella skador, dataf\u00f6rluster eller ekonomiska skador som kan uppst\u00e5 till f\u00f6ljd av anslutning till eller anv\u00e4ndning av webbplatsen www.lacremedeparis.com eller informationen som finns d\u00e4r.<\/p>\n<div class=\"separator  transparent center\" style=\"margin-top: 10px;\"><\/div>\n\n<h5><strong>4. Efterlevnad av regler och etik<\/strong><\/h5>\n<p>Webbplatsen www.lacremedeparis.com drivs av restaurangen \"La Cr\u00e8me de Paris\" med s\u00e4te i Frankrike och dessa allm\u00e4nna anv\u00e4ndningsvillkor omfattas av fransk lag.<\/p>\n<div class=\"separator  transparent center\" style=\"margin-top: 5px;\"><\/div>\n\n<p>Internetanv\u00e4ndare som ansluter sig till webbplatsen www.lacremedeparis.com fr\u00e5n andra l\u00e4nder \u00e4n Frankrike m\u00e5ste se till att de f\u00f6ljer den lagstiftning som g\u00e4ller i dessa l\u00e4nder.<\/p>\n<div class=\"separator  transparent center\" style=\"margin-top: 5px;\"><\/div>\n\n<p>Restaurangen \"La Cr\u00e8me de Paris\" f\u00f6rbeh\u00e5ller sig r\u00e4tten att n\u00e4r som helst \u00e4ndra och uppdatera detta r\u00e4ttsliga meddelande och de allm\u00e4nna anv\u00e4ndningsvillkoren, varvid \u00e4ndringarna och uppdateringarna av de allm\u00e4nna anv\u00e4ndningsvillkoren \u00e4r bindande s\u00e5 snart de l\u00e4ggs ut p\u00e5 n\u00e4tet.<\/p>\n\n\t\t<\/div> \n\t<\/div> <div class=\"separator  transparent\" style=\"margin-top: 20px;\"><\/div>\n<\/div><\/div><\/div><\/div><\/div><div      class=\"vc_row wpb_row section vc_row-fluid\" style=' text-align:left;'><div class=\"full_section_inner clearfix\"><div class=\"wpb_column vc_column_container vc_col-sm-12\"><div class=\"vc_column-inner\"><div class=\"wpb_wrapper\"><div class=\"separator  transparent\" style=\"margin-top: 50px;\"><\/div>\n<\/div><\/div><\/div><\/div><\/div>{:}{{:sv}<div      class=\"vc_row wpb_row section vc_row-fluid\" style=' text-align:left;'><div class=\"full_section_inner clearfix\"><div class=\"wpb_column vc_column_container vc_col-sm-12\"><div class=\"vc_column-inner\"><div class=\"wpb_wrapper\"><div class=\"separator  transparent\" style=\"margin-top: 110px;\"><\/div>\n<\/div><\/div><\/div><\/div><\/div><div      class=\"vc_row wpb_row section vc_row-fluid\" style=' text-align:left;'><div class=\"full_section_inner clearfix\"><div class=\"wpb_column vc_column_container vc_col-sm-6 vc_col-has-fill\"><div class=\"vc_column-inner vc_custom_1519462687529\"><div class=\"wpb_wrapper\">\n\t<div class=\"wpb_text_column wpb_content_element\">\n\t\t<div class=\"wpb_wrapper\">\n\t\t\t<h4>JURIDISK INFORMATION<\/h4>\n<h5>CHRISTEPH SARL KAPITAL P\u00c5 1000 euro<\/h5>\n<h5><span class=\"ficheNumSiren\">751 447 947<\/span> <span class=\"ficheStatut\">R.C.S.<\/span> <span class=\"ficheGreffeNom top\">PARIS<\/span><br \/>\nSiret nr 75144794700019 - APE 5610A<\/h5>\n<p>Registrerat kontor : 4 RUE DU FAUBOURG MONTMARTRE 75009 PARIS<\/p>\n<h5><strong>Direkt\u00f6r f\u00f6r publikationer<\/strong><\/h5>\n<p>Christine Combettes<br \/>\nRESTAURANG \"La Cr\u00e8me de Paris<\/p>\n<h5><\/h5>\n<h5><strong>V\u00e4rd<\/strong><\/h5>\n<p><strong>OVH Frankrike<\/strong><br \/>\nSAS kapital p\u00e5 10 069 020 euro.<br \/>\nRCS Lille M\u00e9tropole 424 761 419 00045<br \/>\nAPE-kod 2620Z<br \/>\nMOMSNUMMER: FR 22 424 761 419<br \/>\nRegistrerat kontor : 2 rue Kellermann - 59100 Roubaix - Frankrike<\/p>\n<h5><strong>Fotograf<\/strong><\/h5>\n<p><a href=\"http:\/\/emiliealbert.fr\/\" target=\"_blank\" rel=\"noopener\">Emilie Albert<\/a><\/p>\n<h5><strong>Webdesigner<\/strong><\/h5>\n<p>Uppror<\/p>\n<p><a href=\"https:\/\/picturgency.com\" target=\"_blank\" rel=\"noopener\">www.picturgency.com<\/a><\/p>\n\n\t\t<\/div> \n\t<\/div> <div class=\"separator  transparent\" style=\"margin-top: 50px;\"><\/div>\n<\/div><\/div><\/div><div class=\"wpb_column vc_column_container vc_col-sm-6 vc_col-has-fill\"><div class=\"vc_column-inner vc_custom_1519462700502\"><div class=\"wpb_wrapper\">\n\t<div class=\"wpb_text_column wpb_content_element\">\n\t\t<div class=\"wpb_wrapper\">\n\t\t\t<h4>ALLM\u00c4NNA VILLKOR<\/h4>\n<p>Tilltr\u00e4de till webbplatsen www.lacremedeparis.com inneb\u00e4r att du godk\u00e4nner dessa anv\u00e4ndarvillkor.<\/p>\n<div class=\"separator  transparent center\" style=\"margin-top: 15px;\"><\/div>\n\n<h4>Immateriella r\u00e4ttigheter<\/h4>\n<div class=\"separator  transparent center\" style=\"margin-top: 5px;\"><\/div>\n\n<h5><strong>1. Upphovsr\u00e4tt<\/strong><\/h5>\n<p>Webbplatsen www.lacremedeparis.com \u00e4r en intellektuell skapelse vars restaurang \" La Cr\u00e8me de Paris \" \u00e4r f\u00f6rfattare i den mening som avses i artiklarna L. 111.1 och f\u00f6ljande i lagen om immateriella r\u00e4ttigheter.<\/p>\n<div class=\"separator  transparent center\" style=\"margin-top: 5px;\"><\/div>\n\n<p>Alla element som finns tillg\u00e4ngliga p\u00e5 webbplatsen www.lacremedeparis.com, inklusive fotografier, texter, slogans, ritningar, bilder, animerade sekvenser, ljud eller inte, och alla intellektuella skapelser som \u00e4r integrerade i webbplatsen www.lacremedeparis.com tillh\u00f6r restaurang \" La Cr\u00e8me de Paris \", med undantag f\u00f6r instagram fotogallerier av v\u00e5ra kunder som publiceras p\u00e5 detta sociala n\u00e4tverk och som samlas in genom automatiserade fl\u00f6den fr\u00e5n instagram #lacremedeparis.<\/p>\n<div class=\"separator  transparent center\" style=\"margin-top: 5px;\"><\/div>\n\n<p>All reproduktion, representation, anv\u00e4ndning, anpassning eller modifiering av hela eller delar av webbplatsen www.lacremedeparis.com, p\u00e5 vilket s\u00e4tt som helst och p\u00e5 vilket medium som helst, utan att i f\u00f6rv\u00e4g ha f\u00e5tt tillst\u00e5nd fr\u00e5n restaurangen \" La Cr\u00e8me de Paris \" \u00e4r str\u00e4ngt f\u00f6rbjuden och utg\u00f6r ett f\u00f6rfalskningsbrott.<\/p>\n<div class=\"separator  transparent center\" style=\"margin-top: 5px;\"><\/div>\n\n<p>Bloggare och journalister f\u00e5r dock ta sk\u00e4rmdumpar f\u00f6r sina artiklar om v\u00e5r restaurang \"La Cr\u00e8me de Paris\".<\/p>\n<div class=\"separator  transparent center\" style=\"margin-top: 10px;\"><\/div>\n\n<h5><strong>2. Varum\u00e4rkesr\u00e4ttigheter<\/strong><\/h5>\n<p>Namnet \"La Cr\u00e8me de Paris\" och logotypen \"La Cr\u00e8me de Paris\" \u00e4r varum\u00e4rken som tillh\u00f6r restaurangen \"La Cr\u00e8me de Paris\".<\/p>\n<div class=\"separator  transparent center\" style=\"margin-top: 5px;\"><\/div>\n\n<p>Reproduktion, representation, anv\u00e4ndning, anpassning eller \u00e4ndring av detta varum\u00e4rke utan f\u00f6reg\u00e5ende tillst\u00e5nd fr\u00e5n restaurangen \" La Cr\u00e8me de Paris \" \u00e4r str\u00e4ngt f\u00f6rbjudet och utg\u00f6r ett f\u00f6rfalskningsbrott.<\/p>\n<div class=\"separator  transparent center\" style=\"margin-top: 10px;\"><\/div>\n\n<h5><\/h5>\n<h5><strong>3. Ansvar<\/strong><\/h5>\n<p>Restaurangen \" La Cr\u00e8me de Paris \" kan inte h\u00e5llas ansvarig f\u00f6r direkta och indirekta skador, s\u00e4rskilt materiella skador, dataf\u00f6rluster, ekonomiska f\u00f6rluster som kan uppst\u00e5 till f\u00f6ljd av anslutning eller anv\u00e4ndning av webbplatsen www.lacremedeparis.com eller information som finns d\u00e4r.<\/p>\n<div class=\"separator  transparent center\" style=\"margin-top: 10px;\"><\/div>\n\n<h5><strong>4. Efterlevnad av regler och etik<\/strong><\/h5>\n<p>Webbplatsen www.lacremedeparis.com drivs av restaurangen \"La Cr\u00e8me de Paris\" med huvudkontor i Frankrike och dessa villkor omfattas av fransk lag.<\/p>\n<div class=\"separator  transparent center\" style=\"margin-top: 5px;\"><\/div>\n\n<p>Anv\u00e4ndare som ansluter till webbplatsen www.lacremedeparis.com fr\u00e5n andra l\u00e4nder \u00e4n Frankrike m\u00e5ste se till att de f\u00f6ljer den lagstiftning som g\u00e4ller i dessa l\u00e4nder.<\/p>\n<div class=\"separator  transparent center\" style=\"margin-top: 5px;\"><\/div>\n\n<p>Restaurangen \" La Cr\u00e8me de Paris \" f\u00f6rbeh\u00e5ller sig r\u00e4tten att n\u00e4r som helst \u00e4ndra och uppdatera den aktuella juridiska informationen och villkoren.<\/p>\n\n\t\t<\/div> \n\t<\/div> <div class=\"separator  transparent\" style=\"margin-top: 20px;\"><\/div>\n<\/div><\/div><\/div><\/div><\/div><div      class=\"vc_row wpb_row section vc_row-fluid\" style=' text-align:left;'><div class=\"full_section_inner clearfix\"><div class=\"wpb_column vc_column_container vc_col-sm-12\"><div class=\"vc_column-inner\"><div class=\"wpb_wrapper\"><div class=\"separator  transparent\" style=\"margin-top: 50px;\"><\/div>\n<\/div><\/div><\/div><\/div><\/div>{:}{:es}<div      class=\"vc_row wpb_row section vc_row-fluid\" style=' text-align:left;'><div class=\"full_section_inner clearfix\"><div class=\"wpb_column vc_column_container vc_col-sm-12\"><div class=\"vc_column-inner\"><div class=\"wpb_wrapper\"><div class=\"separator  transparent\" style=\"margin-top: 110px;\"><\/div>\n<\/div><\/div><\/div><\/div><\/div><div      class=\"vc_row wpb_row section vc_row-fluid\" style=' text-align:left;'><div class=\"full_section_inner clearfix\"><div class=\"wpb_column vc_column_container vc_col-sm-6 vc_col-has-fill\"><div class=\"vc_column-inner vc_custom_1519462687529\"><div class=\"wpb_wrapper\">\n\t<div class=\"wpb_text_column wpb_content_element\">\n\t\t<div class=\"wpb_wrapper\">\n\t\t\t<h4>R\u00c4TTSLIGA NOTERINGAR<\/h4>\n<h5>CHRISTEPH SARL AU CAPITAL DE 1000 euro<\/h5>\n<h5><span class=\"ficheNumSiren\">751 447 947<\/span> <span class=\"ficheStatut\">R.C.S.<\/span> <span class=\"ficheGreffeNom top\">PARIS<\/span><br \/>\nSiretnummer 75144794700019 - APE 5610A<\/h5>\n<p>Huvudkontor : 4 RUE DU FAUBOURG MONTMARTRE 75009 PARIS<\/p>\n<div class=\"separator  transparent center\" style=\"margin-top: 10px;\"><\/div>\n\n<h5><strong>Direkt\u00f6r f\u00f6r publikationer<\/strong><\/h5>\n<p>Christine Combettes<br \/>\nRESTAURANG \"La Cr\u00e8me de Paris<\/p>\n<div class=\"separator  transparent center\" style=\"margin-top: 10px;\"><\/div>\n\n<h5><strong>Hoster<\/strong><\/h5>\n<p><strong>OVH Frankrike<\/strong><br \/>\nSAS kapital p\u00e5 10 069 020 euro<br \/>\nRCS Lille M\u00e9tropole 424 761 419 00045<br \/>\nAPE-kod 2620Z<br \/>\nMOMSNUMMER: FR 22 424 761 419<br \/>\nHuvudkontor : 2 rue Kellermann - 59100 Roubaix - Frankrike<\/p>\n<div class=\"separator  transparent center\" style=\"margin-top: 10px;\"><\/div>\n\n<h5><strong>Fotografa<\/strong><\/h5>\n<p><a href=\"http:\/\/emiliealbert.fr\/\" target=\"_blank\" rel=\"noopener\">Emilie Albert<\/a><\/p>\n<div class=\"separator  transparent center\" style=\"margin-top: 10px;\"><\/div>\n\n<h5><strong>Webdesigner<\/strong><\/h5>\n<p>Uppror<\/p>\n<p><a href=\"https:\/\/picturgency.com\" target=\"_blank\" rel=\"noopener\">www.picturgency.com<\/a><\/p>\n\n\t\t<\/div> \n\t<\/div> <div class=\"separator  transparent\" style=\"margin-top: 50px;\"><\/div>\n<\/div><\/div><\/div><div class=\"wpb_column vc_column_container vc_col-sm-6 vc_col-has-fill\"><div class=\"vc_column-inner vc_custom_1519462700502\"><div class=\"wpb_wrapper\">\n\t<div class=\"wpb_text_column wpb_content_element\">\n\t\t<div class=\"wpb_wrapper\">\n\t\t\t<h4>ALLM\u00c4NNA ANV\u00c4NDNINGSVILLKOR<\/h4>\n<p>Genom att bes\u00f6ka webbplatsen www.lacremedeparis.com godk\u00e4nner du dessa anv\u00e4ndarvillkor.<br \/>\n<div class=\"separator  transparent center\" style=\"margin-top: 10px;\"><\/div>\n<h4>Immaterialr\u00e4ttsliga r\u00e4ttigheter<\/h4>\n<div class=\"separator  transparent center\" style=\"margin-top: 5px;\"><\/div>\n\n<h5><strong>1. F\u00f6rfattarr\u00e4ttigheter<\/strong><\/h5>\n<p>El Sitio www.lacremedeparis.com es una creaci\u00f3n intelectual cuyo restaurante \" La Cr\u00e8me de Paris \" es el autor en el sentido de los art\u00edculos L. 111.1 y siguientes del C\u00f3digo de propiedad intelectual.<br \/>\n<div class=\"separator  transparent center\" style=\"margin-top: 5px;\"><\/div>\n<br \/>\nAlla element som \u00e4r tillg\u00e4ngliga p\u00e5 webbplatsen www.lacremedeparis.com inklusive fotografier, texter, lemmor, bilder, bilder, animerade bilder med eller utan ljud och alla kreationer som \u00e4r intellektuellt integrerade p\u00e5 webbplatsen www.lacremedeparis.com tillh\u00f6r restaurangen \"La Cr\u00e8me de Paris\", med undantag f\u00f6r de gallerier med instagrambilder av v\u00e5ra kunder som publiceras p\u00e5 detta sociala n\u00e4tverk och som kopieras av den automatiserade instagramstr\u00f6mmen #lacremedeparis.<br \/>\n<div class=\"separator  transparent center\" style=\"margin-top: 5px;\"><\/div>\n<br \/>\nAll reproduktion, representation, anv\u00e4ndning, anpassning eller modifiering av hela eller delar av webbplatsen www.lacremedeparis.com, i alla former och i alla medier, utan att ha erh\u00e5llit f\u00f6rhandsgodk\u00e4nnande fr\u00e5n restaurangen \"La Cr\u00e8me de Paris\", \u00e4r str\u00e4ngt f\u00f6rbjudet och utg\u00f6r en uppmaning till f\u00f6rfalskning.<br \/>\n<div class=\"separator  transparent center\" style=\"margin-top: 5px;\"><\/div>\n<br \/>\nBloggare och journalister kan dock ta bilder fr\u00e5n panelen f\u00f6r sina artiklar om v\u00e5r restaurang \"La Cr\u00e8me de Paris\".<br \/>\n<div class=\"separator  transparent center\" style=\"margin-top: 10px;\"><\/div>\n<h5><strong>2. R\u00e4tten till registrerat varum\u00e4rke<\/strong><\/h5>\n<p>Namnet \"La Cr\u00e8me de Paris\" och logotypen \"La Cr\u00e8me de Paris\" \u00e4r registrerade varum\u00e4rken som tillh\u00f6r restaurangen \"La Cr\u00e8me de Paris\".<br \/>\n<div class=\"separator  transparent center\" style=\"margin-top: 5px;\"><\/div>\n<br \/>\nNamnet \"La Cr\u00e8me de Paris\" och logotypen \"La Cr\u00e8me de Paris\" \u00e4r registrerade varum\u00e4rken som tillh\u00f6r restaurangen \"La Cr\u00e8me de Paris\".<br \/>\nDet \u00e4r str\u00e4ngt f\u00f6rbjudet att reproducera, representera, anv\u00e4nda, anpassa eller \u00e4ndra dessa varum\u00e4rken utan f\u00f6reg\u00e5ende samtycke fr\u00e5n restaurante \"La Cr\u00e8me de Paris\" och detta utg\u00f6r en f\u00f6rfalskning.<br \/>\n<div class=\"separator  transparent center\" style=\"margin-top: 10px;\"><\/div>\n<h5><strong>3. Ansvar<\/strong><\/h5>\n<p>Restaurangen \"La Cr\u00e8me de Paris\" \u00e4r inte ansvarig f\u00f6r direkta och indirekta skador och s\u00e4rskilt inte f\u00f6r materiella skador, dataf\u00f6rluster eller ekonomiska skador som kan uppst\u00e5 p\u00e5 grund av att webbplatsen www.lacremedeparis.com eller den information som den inneh\u00e5ller anv\u00e4nds.<br \/>\n<div class=\"separator  transparent center\" style=\"margin-top: 10px;\"><\/div>\n<h5><strong>4. \u00d6verensst\u00e4mmelse med standarder och lag<\/strong><\/h5>\n<p>Webbplatsen www.lacremedeparis.com drivs av restaurangen \"La Cr\u00e8me de Paris\" med s\u00e4te i Frankrike och dessa anv\u00e4ndarvillkor omfattas av fransk lagstiftning.<br \/>\n<div class=\"separator  transparent center\" style=\"margin-top: 5px;\"><\/div>\n<br \/>\nAnv\u00e4ndare som ansluter sig till webbplatsen www.lacremedeparis.com fr\u00e5n andra l\u00e4nder \u00e4n Frankrike m\u00e5ste garantera att de f\u00f6ljer den lagstiftning som g\u00e4ller i dessa l\u00e4nder.<br \/>\n<div class=\"separator  transparent center\" style=\"margin-top: 5px;\"><\/div>\n<br \/>\nRestaurangen \"La Cr\u00e8me de Paris\" f\u00f6rbeh\u00e5ller sig r\u00e4tten att \u00e4ndra och uppdatera de juridiska meddelandena och de allm\u00e4nna anv\u00e4ndarvillkoren i varje \u00f6gonblick, med s\u00e4rskild h\u00e4nsyn till att \u00e4ndringen och uppdateringen av de allm\u00e4nna anv\u00e4ndarvillkoren m\u00e5ste ske s\u00e5 snart som m\u00f6jligt och till\u00e4mpas fr\u00e5n och med att vi l\u00e4gger ut dem p\u00e5 n\u00e4tet.<\/p>\n\n\t\t<\/div> \n\t<\/div> <div class=\"separator  transparent\" style=\"margin-top: 20px;\"><\/div>\n<\/div><\/div><\/div><\/div><\/div><div      class=\"vc_row wpb_row section vc_row-fluid\" style=' text-align:left;'><div class=\"full_section_inner clearfix\"><div class=\"wpb_column vc_column_container vc_col-sm-12\"><div class=\"vc_column-inner\"><div class=\"wpb_wrapper\"><div class=\"separator  transparent\" style=\"margin-top: 50px;\"><\/div>\n<\/div><\/div><\/div><\/div><\/div>{:}<\/p>\n<\/div>","protected":false},"excerpt":{"rendered":"<p>{:fr}{:}{:en}{:}{:es}{:}<\/p>","protected":false},"author":1,"featured_media":0,"parent":0,"menu_order":0,"comment_status":"closed","ping_status":"closed","template":"","meta":[],"_links":{"self":[{"href":"https:\/\/www.lacremedeparis.com\/sv\/wp-json\/wp\/v2\/pages\/1281"}],"collection":[{"href":"https:\/\/www.lacremedeparis.com\/sv\/wp-json\/wp\/v2\/pages"}],"about":[{"href":"https:\/\/www.lacremedeparis.com\/sv\/wp-json\/wp\/v2\/types\/page"}],"author":[{"embeddable":true,"href":"https:\/\/www.lacremedeparis.com\/sv\/wp-json\/wp\/v2\/users\/1"}],"replies":[{"embeddable":true,"href":"https:\/\/www.lacremedeparis.com\/sv\/wp-json\/wp\/v2\/comments?post=1281"}],"version-history":[{"count":26,"href":"https:\/\/www.lacremedeparis.com\/sv\/wp-json\/wp\/v2\/pages\/1281\/revisions"}],"predecessor-version":[{"id":2081,"href":"https:\/\/www.lacremedeparis.com\/sv\/wp-json\/wp\/v2\/pages\/1281\/revisions\/2081"}],"wp:attachment":[{"href":"https:\/\/www.lacremedeparis.com\/sv\/wp-json\/wp\/v2\/media?parent=1281"}],"curies":[{"name":"wp","href":"https:\/\/api.w.org\/{rel}","templated":true}]}}