{"id":1281,"date":"2018-02-24T09:28:37","date_gmt":"2018-02-24T08:28:37","guid":{"rendered":"https:\/\/www.lacremedeparis.com\/?page_id=1281"},"modified":"2021-10-19T20:01:40","modified_gmt":"2021-10-19T18:01:40","slug":"mentions-legales","status":"publish","type":"page","link":"https:\/\/www.lacremedeparis.com\/pt\/mentions-legales\/","title":{"rendered":"Aviso Legal &amp; Termos de Uso"},"content":{"rendered":"<div class=\"wpb-content-wrapper\"><p>{:pt}<div      class=\"vc_row wpb_row section vc_row-fluid\" style=' text-align:left;'><div class=\"full_section_inner clearfix\"><div class=\"wpb_column vc_column_container vc_col-sm-12\"><div class=\"vc_column-inner\"><div class=\"wpb_wrapper\"><div class=\"separator  transparent\" style=\"margin-top: 110px;\"><\/div>\n<\/div><\/div><\/div><\/div><\/div><div      class=\"vc_row wpb_row section vc_row-fluid\" style=' text-align:left;'><div class=\"full_section_inner clearfix\"><div class=\"wpb_column vc_column_container vc_col-sm-6 vc_col-has-fill\"><div class=\"vc_column-inner vc_custom_1519462687529\"><div class=\"wpb_wrapper\">\n\t<div class=\"wpb_text_column wpb_content_element\">\n\t\t<div class=\"wpb_wrapper\">\n\t\t\t<h4>NOT\u00cdCIAS JUR\u00cdDICAS<\/h4>\n<h5>CHRISTEPH SARL AU CAPITAL DE 1000 euros<\/h5>\n<h5><span class=\"ficheNumSiren\">751 447 947<\/span> \u00a0<span class=\"ficheStatut\">R.C.S.<\/span>\u00a0<span class=\"ficheGreffeNom top\">PARIS<\/span><br \/>\nN\u00b0 Siret 75144794700019 - APE 5610A<\/h5>\n<p>Sede social : 4 RUE DU FAUBOURG MONTMARTRE 75009 PARIS<\/p>\n<div class=\"separator  transparent center\" style=\"margin-top: 10px;\"><\/div>\n\n<h5><strong>Diretor da publica\u00e7\u00e3o<\/strong><\/h5>\n<p>Christine Combettes<br \/>\nRESTAURANTE \"La Cr\u00e8me de Paris<\/p>\n<div class=\"separator  transparent center\" style=\"margin-top: 10px;\"><\/div>\n\n<h5><strong>Anfitri\u00e3o<\/strong><\/h5>\n<p><strong>OVH Fran\u00e7a<\/strong><br \/>\nSAS com um capital de 10.069.020 euros<br \/>\nRCS Lille M\u00e9tropole 424 761 419 00045<br \/>\nC\u00f3digo APE 2620Z<br \/>\nN\u00daMERO DA CUBA: FR 22 424 761 419<br \/>\nSede: 2 rue Kellermann - 59100 Roubaix - Fran\u00e7a<\/p>\n<div class=\"separator  transparent center\" style=\"margin-top: 10px;\"><\/div>\n\n<h5><strong>Fot\u00f3grafo<\/strong><\/h5>\n<p><a href=\"http:\/\/emiliealbert.fr\/\" target=\"_blank\" rel=\"noopener\">Emilie Albert<\/a><\/p>\n<div class=\"separator  transparent center\" style=\"margin-top: 10px;\"><\/div>\n\n<h5><strong>Webdesigner<\/strong><\/h5>\n<p>Picturgency<\/p>\n<p><a href=\"https:\/\/picturgency.com\" target=\"_blank\" rel=\"noopener\">www.picturgency.com<\/a><\/p>\n\n\t\t<\/div> \n\t<\/div> <div class=\"separator  transparent\" style=\"margin-top: 50px;\"><\/div>\n<\/div><\/div><\/div><div class=\"wpb_column vc_column_container vc_col-sm-6 vc_col-has-fill\"><div class=\"vc_column-inner vc_custom_1519462700502\"><div class=\"wpb_wrapper\">\n\t<div class=\"wpb_text_column wpb_content_element\">\n\t\t<div class=\"wpb_wrapper\">\n\t\t\t<h4>TERMOS E CONDI\u00c7\u00d5ES DE USO<\/h4>\n<p>O acesso ao site www.lacremedeparis.com implica a aceita\u00e7\u00e3o das presentes Condi\u00e7\u00f5es Gerais de Utiliza\u00e7\u00e3o.<\/p>\n<div class=\"separator  transparent center\" style=\"margin-top: 10px;\"><\/div>\n\n<h4>Direitos de propriedade intelectual<\/h4>\n<div class=\"separator  transparent center\" style=\"margin-top: 5px;\"><\/div>\n\n<h5><strong>1. Direitos Autorais<\/strong><\/h5>\n<p>O site www.lacremedeparis.com constitui uma cria\u00e7\u00e3o intelectual da qual o restaurante \"La Cr\u00e8me de Paris\" \u00e9 o autor na acep\u00e7\u00e3o dos artigos L. 111.1 e seguintes do C\u00f3digo da Propriedade Intelectual.<\/p>\n<div class=\"separator  transparent center\" style=\"margin-top: 5px;\"><\/div>\n\n<p>Todos os elementos dispon\u00edveis no site www.lacremedeparis.com, incluindo fotografias, textos, slogans, desenhos, imagens, sequ\u00eancias animadas com ou sem som, assim como todas as cria\u00e7\u00f5es intelectuais integradas no site www.lacremedeparis.com, s\u00e3o propriedade do restaurante \"La Cr\u00e8me de Paris\", com excep\u00e7\u00e3o das galerias de fotos dos nossos clientes afixadas nesta rede social e recolhidas atrav\u00e9s de um feed autom\u00e1tico do instagrama #lacremedeparis.<\/p>\n<div class=\"separator  transparent center\" style=\"margin-top: 5px;\"><\/div>\n\n<p>Qualquer reprodu\u00e7\u00e3o, representa\u00e7\u00e3o, utiliza\u00e7\u00e3o, adapta\u00e7\u00e3o ou modifica\u00e7\u00e3o, por qualquer processo e em qualquer suporte, de todo ou parte do site www.lacremedeparis.com, sem ter obtido a autoriza\u00e7\u00e3o pr\u00e9via do restaurante \"La Cr\u00e8me de Paris\", \u00e9 estritamente proibida e constitui uma viola\u00e7\u00e3o dos direitos de autor.<\/p>\n<div class=\"separator  transparent center\" style=\"margin-top: 5px;\"><\/div>\n\n<p>No entanto, blogueiros e jornalistas podem tirar screenshots para seus artigos sobre nosso restaurante \"La Cr\u00e8me de Paris\".<\/p>\n<div class=\"separator  transparent center\" style=\"margin-top: 10px;\"><\/div>\n\n<h5><strong>2. Direitos de marca registrada<\/strong><\/h5>\n<p>O nome \"La Cr\u00e8me de Paris\" e o log\u00f3tipo \"La Cr\u00e8me de Paris\" s\u00e3o marcas registadas do restaurante \"La Cr\u00e8me de Paris\".<\/p>\n<div class=\"separator  transparent center\" style=\"margin-top: 5px;\"><\/div>\n\n<p>A reprodu\u00e7\u00e3o, representa\u00e7\u00e3o, utiliza\u00e7\u00e3o, adapta\u00e7\u00e3o ou modifica\u00e7\u00e3o destas marcas sem a autoriza\u00e7\u00e3o pr\u00e9via do restaurante \"La Cr\u00e8me de Paris\" \u00e9 estritamente proibida e constitui uma viola\u00e7\u00e3o dos direitos de autor.<\/p>\n<div class=\"separator  transparent center\" style=\"margin-top: 10px;\"><\/div>\n\n<h5><strong>3. Responsabilidade civil<\/strong><\/h5>\n<p>O restaurante \"La Cr\u00e8me de Paris\" n\u00e3o pode ser responsabilizado por qualquer dano directo ou indirecto, em particular danos materiais, perda de dados ou danos financeiros que possam resultar da liga\u00e7\u00e3o ou utiliza\u00e7\u00e3o do site www.lacremedeparis.com ou das informa\u00e7\u00f5es nele contidas.<\/p>\n<div class=\"separator  transparent center\" style=\"margin-top: 10px;\"><\/div>\n\n<h5><strong>4. Cumprimento dos regulamentos e \u00e9tica<\/strong><\/h5>\n<p>O site www.lacremedeparis.com \u00e9 gerido pelo restaurante \"La Cr\u00e8me de Paris\" com sede social em Fran\u00e7a e as presentes Condi\u00e7\u00f5es Gerais de Utiliza\u00e7\u00e3o est\u00e3o sujeitas \u00e0 lei francesa.<\/p>\n<div class=\"separator  transparent center\" style=\"margin-top: 5px;\"><\/div>\n\n<p>Os internautas que se conectam ao site www.lacremedeparis.com de outros pa\u00edses que n\u00e3o a Fran\u00e7a devem assegurar-se de que cumprem as leis aplic\u00e1veis a esses pa\u00edses.<\/p>\n<div class=\"separator  transparent center\" style=\"margin-top: 5px;\"><\/div>\n\n<p>O restaurante \"La Cr\u00e8me de Paris\" reserva-se o direito de modificar e actualizar a qualquer momento o presente aviso legal e as Condi\u00e7\u00f5es Gerais de Utiliza\u00e7\u00e3o, sendo especificado que a modifica\u00e7\u00e3o e actualiza\u00e7\u00e3o das Condi\u00e7\u00f5es Gerais de Utiliza\u00e7\u00e3o s\u00e3o vinculativas a partir do momento em que s\u00e3o colocadas online.<\/p>\n\n\t\t<\/div> \n\t<\/div> <div class=\"separator  transparent\" style=\"margin-top: 20px;\"><\/div>\n<\/div><\/div><\/div><\/div><\/div><div      class=\"vc_row wpb_row section vc_row-fluid\" style=' text-align:left;'><div class=\"full_section_inner clearfix\"><div class=\"wpb_column vc_column_container vc_col-sm-12\"><div class=\"vc_column-inner\"><div class=\"wpb_wrapper\"><div class=\"separator  transparent\" style=\"margin-top: 50px;\"><\/div>\n<\/div><\/div><\/div><\/div><\/div>\"A minha m\u00e3e est\u00e1 a fazer o que eu quero.<div      class=\"vc_row wpb_row section vc_row-fluid\" style=' text-align:left;'><div class=\"full_section_inner clearfix\"><div class=\"wpb_column vc_column_container vc_col-sm-12\"><div class=\"vc_column-inner\"><div class=\"wpb_wrapper\"><div class=\"separator  transparent\" style=\"margin-top: 110px;\"><\/div>\n<\/div><\/div><\/div><\/div><\/div><div      class=\"vc_row wpb_row section vc_row-fluid\" style=' text-align:left;'><div class=\"full_section_inner clearfix\"><div class=\"wpb_column vc_column_container vc_col-sm-6 vc_col-has-fill\"><div class=\"vc_column-inner vc_custom_1519462687529\"><div class=\"wpb_wrapper\">\n\t<div class=\"wpb_text_column wpb_content_element\">\n\t\t<div class=\"wpb_wrapper\">\n\t\t\t<h4>INFORMA\u00c7\u00d5ES LEGAIS<\/h4>\n<h5>CAPITAL CHRISTEPH SARL DE 1000 euros<\/h5>\n<h5><span class=\"ficheNumSiren\">751 447 947<\/span> <span class=\"ficheStatut\">R.C.S.<\/span> <span class=\"ficheGreffeNom top\">PARIS<\/span><br \/>\nSiret N\u00b0 75144794700019 - APE 5610A<\/h5>\n<p>Escrit\u00f3rio registado : 4 RUE DU FAUBOURG MONTMARTRE 75009 PARIS<\/p>\n<h5><strong>Diretor da publica\u00e7\u00e3o<\/strong><\/h5>\n<p>Christine Combettes<br \/>\nRESTAURANTE \"La Cr\u00e8me de Paris<\/p>\n<h5><\/h5>\n<h5><strong>Anfitri\u00e3o<\/strong><\/h5>\n<p><strong>OVH Fran\u00e7a<\/strong><br \/>\nCapital da SAS de 10 069 020 euros.<br \/>\nRCS Lille M\u00e9tropole 424 761 419 00045<br \/>\nC\u00f3digo APE 2620Z<br \/>\nN\u00daMERO DA CUBA: FR 22 424 761 419<br \/>\nEscrit\u00f3rio registado : 2 rue Kellermann - 59100 Roubaix - Fran\u00e7a<\/p>\n<h5><strong>Fot\u00f3grafo<\/strong><\/h5>\n<p><a href=\"http:\/\/emiliealbert.fr\/\" target=\"_blank\" rel=\"noopener\">Emilie Albert<\/a><\/p>\n<h5><strong>Webdesigner<\/strong><\/h5>\n<p>Picturgency<\/p>\n<p><a href=\"https:\/\/picturgency.com\" target=\"_blank\" rel=\"noopener\">www.picturgency.com<\/a><\/p>\n\n\t\t<\/div> \n\t<\/div> <div class=\"separator  transparent\" style=\"margin-top: 50px;\"><\/div>\n<\/div><\/div><\/div><div class=\"wpb_column vc_column_container vc_col-sm-6 vc_col-has-fill\"><div class=\"vc_column-inner vc_custom_1519462700502\"><div class=\"wpb_wrapper\">\n\t<div class=\"wpb_text_column wpb_content_element\">\n\t\t<div class=\"wpb_wrapper\">\n\t\t\t<h4>TERMOS GERAIS<\/h4>\n<p>O acesso ao site www.lacremedeparis.com implica a aceita\u00e7\u00e3o dos presentes Termos de Utiliza\u00e7\u00e3o.<\/p>\n<div class=\"separator  transparent center\" style=\"margin-top: 15px;\"><\/div>\n\n<h4>Direitos de propriedade intelectual<\/h4>\n<div class=\"separator  transparent center\" style=\"margin-top: 5px;\"><\/div>\n\n<h5><strong>1. Direitos de autor<\/strong><\/h5>\n<p>O Site www.lacremedeparis.com \u00e9 uma cria\u00e7\u00e3o intelectual cujo restaurante \" La Cr\u00e8me de Paris \" \u00e9 o autor na acep\u00e7\u00e3o dos artigos L. 111.1 e seguintes do C\u00f3digo da propriedade intelectual.<\/p>\n<div class=\"separator  transparent center\" style=\"margin-top: 5px;\"><\/div>\n\n<p>Todos os elementos dispon\u00edveis no site www.lacremedeparis.com incluindo fotografias, textos, slogans, desenhos, imagens, sequ\u00eancias animadas sonoras ou n\u00e3o e todas as cria\u00e7\u00f5es intelectuais integradas no site www.lacremedeparis.com s\u00e3o propriedade do restaurante \" La Cr\u00e8me de Paris \" com excep\u00e7\u00e3o das galerias de fotos dos nossos clientes publicadas nesta rede social e recolhidas por fluxo automatizado a partir do instagram #lacremedeparis.<\/p>\n<div class=\"separator  transparent center\" style=\"margin-top: 5px;\"><\/div>\n\n<p>Qualquer reprodu\u00e7\u00e3o, representa\u00e7\u00e3o, utiliza\u00e7\u00e3o, adapta\u00e7\u00e3o ou modifica\u00e7\u00e3o, por qualquer processo e em qualquer suporte, de todo ou parte do site www.lacremedeparis.com, sem ter obtido a autoriza\u00e7\u00e3o pr\u00e9via do restaurante \"La Cr\u00e8me de Paris\" \u00e9 estritamente proibida e constitui um delito de falsifica\u00e7\u00e3o.<\/p>\n<div class=\"separator  transparent center\" style=\"margin-top: 5px;\"><\/div>\n\n<p>No entanto, blogueiros e jornalistas podem tirar screenshots para seus artigos no nosso restaurante \"La Cr\u00e8me de Paris\".<\/p>\n<div class=\"separator  transparent center\" style=\"margin-top: 10px;\"><\/div>\n\n<h5><strong>2. Direitos de marca registrada<\/strong><\/h5>\n<p>A denomina\u00e7\u00e3o \" La Cr\u00e8me de Paris \", o logotipo \" La Cr\u00e8me de Paris \", s\u00e3o marcas registradas do restaurante \" La Cr\u00e8me de Paris \".<\/p>\n<div class=\"separator  transparent center\" style=\"margin-top: 5px;\"><\/div>\n\n<p>A reprodu\u00e7\u00e3o, representa\u00e7\u00e3o, utiliza\u00e7\u00e3o, adapta\u00e7\u00e3o ou modifica\u00e7\u00e3o destas marcas sem autoriza\u00e7\u00e3o pr\u00e9via do restaurante \"La Cr\u00e8me de Paris\" \u00e9 estritamente proibida e constitui um delito de falsifica\u00e7\u00e3o.<\/p>\n<div class=\"separator  transparent center\" style=\"margin-top: 10px;\"><\/div>\n\n<h5><\/h5>\n<h5><strong>3. Responsabilidade<\/strong><\/h5>\n<p>O restaurante \" La Cr\u00e8me de Paris \" n\u00e3o pode ser responsabilizado por danos directos e indirectos e especialmente danos materiais, perda de dados, preju\u00edzos financeiros que possam resultar da liga\u00e7\u00e3o ou utiliza\u00e7\u00e3o do site www.lacremedeparis.com ou informa\u00e7\u00f5es nele contidas.<\/p>\n<div class=\"separator  transparent center\" style=\"margin-top: 10px;\"><\/div>\n\n<h5><strong>4. Cumprimento dos regulamentos e \u00e9tica<\/strong><\/h5>\n<p>O site www.lacremedeparis.com \u00e9 gerido pelo restaurante \" La Cr\u00e8me de Paris \" cuja sede se encontra em Fran\u00e7a e estes Termos est\u00e3o sujeitos \u00e0 lei francesa.<\/p>\n<div class=\"separator  transparent center\" style=\"margin-top: 5px;\"><\/div>\n\n<p>Os usu\u00e1rios que se conectam ao site www.lacremedeparis.com de outros pa\u00edses que n\u00e3o a Fran\u00e7a devem garantir o cumprimento das leis aplic\u00e1veis a esses pa\u00edses.<\/p>\n<div class=\"separator  transparent center\" style=\"margin-top: 5px;\"><\/div>\n\n<p>O restaurante \" La Cr\u00e8me de Paris \" reserva-se o direito de modificar e actualizar a qualquer momento os presentes Termos e informa\u00e7\u00f5es legais.<\/p>\n\n\t\t<\/div> \n\t<\/div> <div class=\"separator  transparent\" style=\"margin-top: 20px;\"><\/div>\n<\/div><\/div><\/div><\/div><\/div><div      class=\"vc_row wpb_row section vc_row-fluid\" style=' text-align:left;'><div class=\"full_section_inner clearfix\"><div class=\"wpb_column vc_column_container vc_col-sm-12\"><div class=\"vc_column-inner\"><div class=\"wpb_wrapper\"><div class=\"separator  transparent\" style=\"margin-top: 50px;\"><\/div>\n<\/div><\/div><\/div><\/div><\/div>\"A minha m\u00e3e est\u00e1 a fazer o que eu quero.<div      class=\"vc_row wpb_row section vc_row-fluid\" style=' text-align:left;'><div class=\"full_section_inner clearfix\"><div class=\"wpb_column vc_column_container vc_col-sm-12\"><div class=\"vc_column-inner\"><div class=\"wpb_wrapper\"><div class=\"separator  transparent\" style=\"margin-top: 110px;\"><\/div>\n<\/div><\/div><\/div><\/div><\/div><div      class=\"vc_row wpb_row section vc_row-fluid\" style=' text-align:left;'><div class=\"full_section_inner clearfix\"><div class=\"wpb_column vc_column_container vc_col-sm-6 vc_col-has-fill\"><div class=\"vc_column-inner vc_custom_1519462687529\"><div class=\"wpb_wrapper\">\n\t<div class=\"wpb_text_column wpb_content_element\">\n\t\t<div class=\"wpb_wrapper\">\n\t\t\t<h4>NOTAS JUR\u00cdDICAS<\/h4>\n<h5>CHRISTEPH SARL AU CAPITAL DE 1000 euros<\/h5>\n<h5><span class=\"ficheNumSiren\">751 447 947<\/span> <span class=\"ficheStatut\">R.C.S.<\/span> <span class=\"ficheGreffeNom top\">PARIS<\/span><br \/>\nN\u00b0 Siret 75144794700019 - APE 5610A<\/h5>\n<p>Oficinas centraises : 4 RUE DU FAUBOURG MONTMARTRE 75009 PARIS<\/p>\n<div class=\"separator  transparent center\" style=\"margin-top: 10px;\"><\/div>\n\n<h5><strong>Director de publicaciones<\/strong><\/h5>\n<p>Christine Combettes<br \/>\nRESTAURANTE \"La Cr\u00e8me de Paris<\/p>\n<div class=\"separator  transparent center\" style=\"margin-top: 10px;\"><\/div>\n\n<h5><strong>Hoster<\/strong><\/h5>\n<p><strong>OVH Fran\u00e7a<\/strong><br \/>\nSAS al capital de 10 069 020 euros<br \/>\nRCS Lille M\u00e9tropole 424 761 419 00045<br \/>\nC\u00f3digo APE 2620Z<br \/>\nN\u00daMERO DA CUBA: FR 22 424 761 419<br \/>\nEscrit\u00f3rio principal : 2 rue Kellermann - 59100 Roubaix - Fran\u00e7a<\/p>\n<div class=\"separator  transparent center\" style=\"margin-top: 10px;\"><\/div>\n\n<h5><strong>Fot\u00f3grafa<\/strong><\/h5>\n<p><a href=\"http:\/\/emiliealbert.fr\/\" target=\"_blank\" rel=\"noopener\">Emilie Albert<\/a><\/p>\n<div class=\"separator  transparent center\" style=\"margin-top: 10px;\"><\/div>\n\n<h5><strong>Webdesigner<\/strong><\/h5>\n<p>Picturgency<\/p>\n<p><a href=\"https:\/\/picturgency.com\" target=\"_blank\" rel=\"noopener\">www.picturgency.com<\/a><\/p>\n\n\t\t<\/div> \n\t<\/div> <div class=\"separator  transparent\" style=\"margin-top: 50px;\"><\/div>\n<\/div><\/div><\/div><div class=\"wpb_column vc_column_container vc_col-sm-6 vc_col-has-fill\"><div class=\"vc_column-inner vc_custom_1519462700502\"><div class=\"wpb_wrapper\">\n\t<div class=\"wpb_text_column wpb_content_element\">\n\t\t<div class=\"wpb_wrapper\">\n\t\t\t<h4>CONDI\u00c7\u00d5ES GERAIS DE UTILIZA\u00c7\u00c3O<\/h4>\n<p>O acesso ao site www.lacremedeparis.com implica a aceita\u00e7\u00e3o destes termos de utiliza\u00e7\u00e3o.<br \/>\n<div class=\"separator  transparent center\" style=\"margin-top: 10px;\"><\/div>\n<h4>Derechos de propiedad intelectual<\/h4>\n<div class=\"separator  transparent center\" style=\"margin-top: 5px;\"><\/div>\n\n<h5><strong>1. Derechos de autor<\/strong><\/h5>\n<p>El Sitio www.lacremedeparis.com \u00e9 uma cria\u00e7\u00e3o intelectual cuyo restaurante \" La Cr\u00e8me de Paris \" \u00e9 o autor no sentido dos art\u00edculos L. 111.1 e siguientes del C\u00f3digo de propiedad intelectual.<br \/>\n<div class=\"separator  transparent center\" style=\"margin-top: 5px;\"><\/div>\n<br \/>\nTodos os elementos dispon\u00edveis no Sitio www.lacremedeparis.com incluyendo fotograf\u00edas, textos, lemas, dibujos, im\u00e1genes, secuencias animadas sonoras o no y todas las creaciones intelectuales integradas en el sitio www.lacremedeparis.com \u00e9 propriedade do restaurante \"La Cr\u00e8me de Paris\", com excep\u00e7\u00e3o das galerias de fotos de instagramas dos nossos clientes divulgados nesta rede social e copiados pelo fluxo automatizado de instagramas #lacremedeparis.<br \/>\n<div class=\"separator  transparent center\" style=\"margin-top: 5px;\"><\/div>\n<br \/>\nCualquier reproducci\u00f3n, representaci\u00f3n, uso, adaptaci\u00f3n o modificaci\u00f3n, por cualquier proceso y en cualquier medio, de todo o parte del sitio www.lacremedeparis.com, sin haber obtenido la autorizaci\u00f3n previa del restaurante \" La Cr\u00e8me de Paris \" est\u00e1 estrictamente prohibido y constituye una ofensa de falsificaci\u00f3n.<br \/>\n<div class=\"separator  transparent center\" style=\"margin-top: 5px;\"><\/div>\n<br \/>\nEmbargo ao pecado, bloggers e periodistas pueden tomar capturas de pantalla para sus art\u00edculos sobre nuestro restaurante \"La Cr\u00e8me de Paris\".<br \/>\n<div class=\"separator  transparent center\" style=\"margin-top: 10px;\"><\/div>\n<h5><strong>2. Derechos de marca registrada<\/strong><\/h5>\n<p>O nome \"La Cr\u00e8me de Paris\" e o log\u00f3tipo \"La Cr\u00e8me de Paris\" s\u00e3o marcas registadas do restaurante \"La Cr\u00e8me de Paris\".<br \/>\n<div class=\"separator  transparent center\" style=\"margin-top: 5px;\"><\/div>\n<br \/>\nO nome \"La Cr\u00e8me de Paris\" e o log\u00f3tipo \"La Cr\u00e8me de Paris\" s\u00e3o marcas registadas do restaurante \"La Cr\u00e8me de Paris\".<br \/>\nA reprodu\u00e7\u00e3o, representa\u00e7\u00e3o, utiliza\u00e7\u00e3o, adapta\u00e7\u00e3o ou modifica\u00e7\u00e3o destas marcas sem o consentimento pr\u00e9vio do restaurante \"La Cr\u00e8me de Paris\" \u00e9 estritamente proibida e constitui uma falsifica\u00e7\u00e3o.<br \/>\n<div class=\"separator  transparent center\" style=\"margin-top: 10px;\"><\/div>\n<h5><strong>3. Responsabilidad<\/strong><\/h5>\n<p>El restaurante \" La Cr\u00e8me de Paris \" no se hace responsable de los da\u00f1os directos e indirectos y, especialmente, del da\u00f1o material, la p\u00e9rdida de datos, las p\u00e9rdidas financieras que pudieran derivarse de la conexi\u00f3n o el uso del sitio www.lacremedeparis.com o la informaci\u00f3n que contiene.<br \/>\n<div class=\"separator  transparent center\" style=\"margin-top: 10px;\"><\/div>\n<h5><strong>4. Conformidade com as normas e a lei<\/strong><\/h5>\n<p>El sitio www.lacremedeparis.com es operado por el restaurante \" La Cr\u00e8me de Paris \" cuya sede se encuentra en Francia y estos T\u00e9rminos de uso est\u00e1n sujetos a la legislaci\u00f3n francesa.<br \/>\n<div class=\"separator  transparent center\" style=\"margin-top: 5px;\"><\/div>\n<br \/>\nOs usu\u00e1rios que se conectam ao site www.lacremedeparis.com de outros pa\u00edses que n\u00e3o a Fran\u00e7a devem garantir o cumprimento das leis aplic\u00e1veis a esses pa\u00edses.<br \/>\n<div class=\"separator  transparent center\" style=\"margin-top: 5px;\"><\/div>\n<br \/>\nEl restaurante \" La Cr\u00e8me de Paris \" se reserva el derecho de modificar y actualizar en cualquier momento los avisos legais y las Condiciones Generales de Uso, especificando que la modificaci\u00f3n y actualizaci\u00f3n de los T\u00e9rminos Generales de Uso se requiere tan pronto como sea posible y se aplica desde que le ponemos en l\u00ednea.<\/p>\n\n\t\t<\/div> \n\t<\/div> <div class=\"separator  transparent\" style=\"margin-top: 20px;\"><\/div>\n<\/div><\/div><\/div><\/div><\/div><div      class=\"vc_row wpb_row section vc_row-fluid\" style=' text-align:left;'><div class=\"full_section_inner clearfix\"><div class=\"wpb_column vc_column_container vc_col-sm-12\"><div class=\"vc_column-inner\"><div class=\"wpb_wrapper\"><div class=\"separator  transparent\" style=\"margin-top: 50px;\"><\/div>\n<\/div><\/div><\/div><\/div><\/div>{:}<\/p>\n<\/div>","protected":false},"excerpt":{"rendered":"<p>{:fr}{:}{:en}{:}{:es}{:}<\/p>","protected":false},"author":1,"featured_media":0,"parent":0,"menu_order":0,"comment_status":"closed","ping_status":"closed","template":"","meta":[],"_links":{"self":[{"href":"https:\/\/www.lacremedeparis.com\/pt\/wp-json\/wp\/v2\/pages\/1281"}],"collection":[{"href":"https:\/\/www.lacremedeparis.com\/pt\/wp-json\/wp\/v2\/pages"}],"about":[{"href":"https:\/\/www.lacremedeparis.com\/pt\/wp-json\/wp\/v2\/types\/page"}],"author":[{"embeddable":true,"href":"https:\/\/www.lacremedeparis.com\/pt\/wp-json\/wp\/v2\/users\/1"}],"replies":[{"embeddable":true,"href":"https:\/\/www.lacremedeparis.com\/pt\/wp-json\/wp\/v2\/comments?post=1281"}],"version-history":[{"count":26,"href":"https:\/\/www.lacremedeparis.com\/pt\/wp-json\/wp\/v2\/pages\/1281\/revisions"}],"predecessor-version":[{"id":2081,"href":"https:\/\/www.lacremedeparis.com\/pt\/wp-json\/wp\/v2\/pages\/1281\/revisions\/2081"}],"wp:attachment":[{"href":"https:\/\/www.lacremedeparis.com\/pt\/wp-json\/wp\/v2\/media?parent=1281"}],"curies":[{"name":"wp","href":"https:\/\/api.w.org\/{rel}","templated":true}]}}