{"id":1281,"date":"2018-02-24T09:28:37","date_gmt":"2018-02-24T08:28:37","guid":{"rendered":"https:\/\/www.lacremedeparis.com\/?page_id=1281"},"modified":"2021-10-19T20:01:40","modified_gmt":"2021-10-19T18:01:40","slug":"mentions-legales","status":"publish","type":"page","link":"https:\/\/www.lacremedeparis.com\/nl\/mentions-legales\/","title":{"rendered":"Wettelijke kennisgeving &amp; gebruiksvoorwaarden"},"content":{"rendered":"<div class=\"wpb-content-wrapper\"><p>{:en}<div      class=\"vc_row wpb_row section vc_row-fluid\" style=' text-align:left;'><div class=\"full_section_inner clearfix\"><div class=\"wpb_column vc_column_container vc_col-sm-12\"><div class=\"vc_column-inner\"><div class=\"wpb_wrapper\"><div class=\"separator  transparent\" style=\"margin-top: 110px;\"><\/div>\n<\/div><\/div><\/div><\/div><\/div><div      class=\"vc_row wpb_row section vc_row-fluid\" style=' text-align:left;'><div class=\"full_section_inner clearfix\"><div class=\"wpb_column vc_column_container vc_col-sm-6 vc_col-has-fill\"><div class=\"vc_column-inner vc_custom_1519462687529\"><div class=\"wpb_wrapper\">\n\t<div class=\"wpb_text_column wpb_content_element\">\n\t\t<div class=\"wpb_wrapper\">\n\t\t\t<h4>WETTELIJKE MEDEDELINGEN<\/h4>\n<h5>CHRISTEPH SARL AU CAPITAL DE 1000 euro<\/h5>\n<h5><span class=\"ficheNumSiren\">751 447 947<\/span> \u00a0<span class=\"ficheStatut\">R.C.S.<\/span>\u00a0<span class=\"ficheGreffeNom top\">PARIJS<\/span><br \/>\nN\u00b0 Siret 75144794700019 - APE 5610A<\/h5>\n<p>Maatschappelijke zetel : 4 RUE DU FAUBOURG MONTMARTRE 75009 PARIS<\/p>\n<div class=\"separator  transparent center\" style=\"margin-top: 10px;\"><\/div>\n\n<h5><strong>Directeur van de publicatie<\/strong><\/h5>\n<p>Christine Combettes<br \/>\nRESTAURANT \"La Cr\u00e8me de Paris<\/p>\n<div class=\"separator  transparent center\" style=\"margin-top: 10px;\"><\/div>\n\n<h5><strong>Gastheer<\/strong><\/h5>\n<p><strong>OVH Frankrijk<\/strong><br \/>\nSAS met een kapitaal van \u20ac10.069.020<br \/>\nRCS Lille M\u00e9tropole 424 761 419 00045<br \/>\nAPE-code 2620Z<br \/>\nBTW-NUMMER: FR 22 424 761 419<br \/>\nHoofdkantoor: 2 rue Kellermann - 59100 Roubaix - Frankrijk<\/p>\n<div class=\"separator  transparent center\" style=\"margin-top: 10px;\"><\/div>\n\n<h5><strong>Fotograaf<\/strong><\/h5>\n<p><a href=\"http:\/\/emiliealbert.fr\/\" target=\"_blank\" rel=\"noopener\">Emilie Albert<\/a><\/p>\n<div class=\"separator  transparent center\" style=\"margin-top: 10px;\"><\/div>\n\n<h5><strong>Webdesigner<\/strong><\/h5>\n<p>Picturgency<\/p>\n<p><a href=\"https:\/\/picturgency.com\" target=\"_blank\" rel=\"noopener\">www.picturgency.com<\/a><\/p>\n\n\t\t<\/div> \n\t<\/div> <div class=\"separator  transparent\" style=\"margin-top: 50px;\"><\/div>\n<\/div><\/div><\/div><div class=\"wpb_column vc_column_container vc_col-sm-6 vc_col-has-fill\"><div class=\"vc_column-inner vc_custom_1519462700502\"><div class=\"wpb_wrapper\">\n\t<div class=\"wpb_text_column wpb_content_element\">\n\t\t<div class=\"wpb_wrapper\">\n\t\t\t<h4>ALGEMENE GEBRUIKSVOORWAARDEN<\/h4>\n<p>De toegang tot de website www.lacremedeparis.com impliceert de aanvaarding van deze algemene gebruiksvoorwaarden.<\/p>\n<div class=\"separator  transparent center\" style=\"margin-top: 10px;\"><\/div>\n\n<h4>Intellectuele eigendomsrechten<\/h4>\n<div class=\"separator  transparent center\" style=\"margin-top: 5px;\"><\/div>\n\n<h5><strong>1. Copyright<\/strong><\/h5>\n<p>De website www.lacremedeparis.com vormt een intellectuele creatie waarvan het restaurant \"La Cr\u00e8me de Paris\" de auteur is in de zin van de artikelen L. 111.1 en volgende van de Code de la Propri\u00e9t\u00e9 Intellectuelle.<\/p>\n<div class=\"separator  transparent center\" style=\"margin-top: 5px;\"><\/div>\n\n<p>Alle elementen die beschikbaar zijn op de website www.lacremedeparis.com, waaronder foto's, teksten, slogans, tekeningen, afbeeldingen, geanimeerde sequenties met of zonder geluid, evenals alle intellectuele creaties die ge\u00efntegreerd zijn in de website www.lacremedeparis.com, zijn eigendom van het restaurant \"La Cr\u00e8me de Paris\", met uitzondering van de instagram fotogalerijen van onze klanten die op dit sociale netwerk geplaatst zijn en verzameld zijn door middel van een geautomatiseerde feed van instagram #lacremedeparis.<\/p>\n<div class=\"separator  transparent center\" style=\"margin-top: 5px;\"><\/div>\n\n<p>Elke reproductie, weergave, gebruik, aanpassing of wijziging, door welk proc\u00e9d\u00e9 en op welke drager dan ook, van het geheel of een gedeelte van de site www.lacremedeparis.com, zonder voorafgaande toestemming van het restaurant \"La Cr\u00e8me de Paris\" is strikt verboden en vormt een inbreuk op het auteursrecht.<\/p>\n<div class=\"separator  transparent center\" style=\"margin-top: 5px;\"><\/div>\n\n<p>Bloggers en journalisten mogen echter wel screenshots maken voor hun artikelen over ons restaurant \"La Cr\u00e8me de Paris\".<\/p>\n<div class=\"separator  transparent center\" style=\"margin-top: 10px;\"><\/div>\n\n<h5><strong>2. Handelsmerkrechten<\/strong><\/h5>\n<p>De naam \"La Cr\u00e8me de Paris\" en het logo \"La Cr\u00e8me de Paris\" zijn gedeponeerde handelsmerken van het restaurant \"La Cr\u00e8me de Paris\".<\/p>\n<div class=\"separator  transparent center\" style=\"margin-top: 5px;\"><\/div>\n\n<p>Het reproduceren, weergeven, gebruiken, aanpassen of wijzigen van deze merken zonder voorafgaande toestemming van het restaurant \"La Cr\u00e8me de Paris\" is ten strengste verboden en vormt een inbreuk op het auteursrecht.<\/p>\n<div class=\"separator  transparent center\" style=\"margin-top: 10px;\"><\/div>\n\n<h5><strong>3. Aansprakelijkheid<\/strong><\/h5>\n<p>Het restaurant \"La Cr\u00e8me de Paris\" kan niet aansprakelijk worden gesteld voor directe of indirecte schade, met name materi\u00eble schade, verlies van gegevens of financi\u00eble schade, die zou kunnen voortvloeien uit de verbinding met of het gebruik van de website www.lacremedeparis.com of de informatie die deze website bevat.<\/p>\n<div class=\"separator  transparent center\" style=\"margin-top: 10px;\"><\/div>\n\n<h5><strong>4. Naleving van regelgeving en ethiek<\/strong><\/h5>\n<p>De website www.lacremedeparis.com wordt beheerd door het restaurant \"La Cr\u00e8me de Paris\" waarvan de maatschappelijke zetel in Frankrijk is gevestigd en deze algemene gebruiksvoorwaarden zijn onderworpen aan het Franse recht.<\/p>\n<div class=\"separator  transparent center\" style=\"margin-top: 5px;\"><\/div>\n\n<p>Internetgebruikers die vanuit andere landen dan Frankrijk verbinding maken met de site www.lacremedeparis.com moeten zich ervan vergewissen dat zij de in deze landen geldende wetten naleven.<\/p>\n<div class=\"separator  transparent center\" style=\"margin-top: 5px;\"><\/div>\n\n<p>Het restaurant \"La Cr\u00e8me de Paris\" behoudt zich het recht voor om deze wettelijke kennisgeving en de Algemene Gebruiksvoorwaarden te allen tijde te wijzigen en bij te werken, met dien verstande dat de wijziging en bijwerking van de Algemene Gebruiksvoorwaarden bindend zijn vanaf het moment dat ze online worden gezet.<\/p>\n\n\t\t<\/div> \n\t<\/div> <div class=\"separator  transparent\" style=\"margin-top: 20px;\"><\/div>\n<\/div><\/div><\/div><\/div><\/div><div      class=\"vc_row wpb_row section vc_row-fluid\" style=' text-align:left;'><div class=\"full_section_inner clearfix\"><div class=\"wpb_column vc_column_container vc_col-sm-12\"><div class=\"vc_column-inner\"><div class=\"wpb_wrapper\"><div class=\"separator  transparent\" style=\"margin-top: 50px;\"><\/div>\n<\/div><\/div><\/div><\/div><\/div>{:}{:en}<div      class=\"vc_row wpb_row section vc_row-fluid\" style=' text-align:left;'><div class=\"full_section_inner clearfix\"><div class=\"wpb_column vc_column_container vc_col-sm-12\"><div class=\"vc_column-inner\"><div class=\"wpb_wrapper\"><div class=\"separator  transparent\" style=\"margin-top: 110px;\"><\/div>\n<\/div><\/div><\/div><\/div><\/div><div      class=\"vc_row wpb_row section vc_row-fluid\" style=' text-align:left;'><div class=\"full_section_inner clearfix\"><div class=\"wpb_column vc_column_container vc_col-sm-6 vc_col-has-fill\"><div class=\"vc_column-inner vc_custom_1519462687529\"><div class=\"wpb_wrapper\">\n\t<div class=\"wpb_text_column wpb_content_element\">\n\t\t<div class=\"wpb_wrapper\">\n\t\t\t<h4>JURIDISCHE INFORMATIE<\/h4>\n<h5>CHRISTEPH SARL KAPITAAL VAN 1000 euro<\/h5>\n<h5><span class=\"ficheNumSiren\">751 447 947<\/span> <span class=\"ficheStatut\">R.C.S.<\/span> <span class=\"ficheGreffeNom top\">PARIJS<\/span><br \/>\nSiret nr. 75144794700019 - APE 5610A<\/h5>\n<p>Maatschappelijke zetel : 4 RUE DU FAUBOURG MONTMARTRE 75009 PARIS<\/p>\n<h5><strong>Publicatie Directeur<\/strong><\/h5>\n<p>Christine Combettes<br \/>\nRESTAURANT \"La Cr\u00e8me de Paris<\/p>\n<h5><\/h5>\n<h5><strong>Gastheer<\/strong><\/h5>\n<p><strong>OVH Frankrijk<\/strong><br \/>\nSAS kapitaal van 10 069 020 \u20ac.<br \/>\nRCS Lille M\u00e9tropole 424 761 419 00045<br \/>\nAPE-code 2620Z<br \/>\nBTW-NUMMER: FR 22 424 761 419<br \/>\nMaatschappelijke zetel : 2 rue Kellermann - 59100 Roubaix - Frankrijk<\/p>\n<h5><strong>Fotograaf<\/strong><\/h5>\n<p><a href=\"http:\/\/emiliealbert.fr\/\" target=\"_blank\" rel=\"noopener\">Emilie Albert<\/a><\/p>\n<h5><strong>Webdesigner<\/strong><\/h5>\n<p>Picturgency<\/p>\n<p><a href=\"https:\/\/picturgency.com\" target=\"_blank\" rel=\"noopener\">www.picturgency.com<\/a><\/p>\n\n\t\t<\/div> \n\t<\/div> <div class=\"separator  transparent\" style=\"margin-top: 50px;\"><\/div>\n<\/div><\/div><\/div><div class=\"wpb_column vc_column_container vc_col-sm-6 vc_col-has-fill\"><div class=\"vc_column-inner vc_custom_1519462700502\"><div class=\"wpb_wrapper\">\n\t<div class=\"wpb_text_column wpb_content_element\">\n\t\t<div class=\"wpb_wrapper\">\n\t\t\t<h4>ALGEMENE VOORWAARDEN<\/h4>\n<p>Toegang tot de site www.lacremedeparis.com houdt aanvaarding van deze gebruiksvoorwaarden in.<\/p>\n<div class=\"separator  transparent center\" style=\"margin-top: 15px;\"><\/div>\n\n<h4>Intellectuele eigendomsrechten<\/h4>\n<div class=\"separator  transparent center\" style=\"margin-top: 5px;\"><\/div>\n\n<h5><strong>1. Auteursrechten<\/strong><\/h5>\n<p>De Site www.lacremedeparis.com is een intellectuele creatie waarvan het restaurant \" La Cr\u00e8me de Paris \" de auteur is in de zin van de artikelen L. 111.1 en volgende van het Wetboek van intellectuele eigendom.<\/p>\n<div class=\"separator  transparent center\" style=\"margin-top: 5px;\"><\/div>\n\n<p>Alle elementen beschikbaar op de site www.lacremedeparis.com met inbegrip van foto's, teksten, slogans, tekeningen, beelden, geanimeerde sequenties geluid of niet en alle intellectuele creaties ge\u00efntegreerd in de site www.lacremedeparis.com zijn eigendom van restaurant \" La Cr\u00e8me de Paris \" met uitzondering van instagram fotogalerijen van onze klanten geplaatst op dit sociale netwerk en verzameld door geautomatiseerde stroom van instagram #lacremedeparis.<\/p>\n<div class=\"separator  transparent center\" style=\"margin-top: 5px;\"><\/div>\n\n<p>Elke reproductie, weergave, gebruik, aanpassing of wijziging, door welk proc\u00e9d\u00e9 en op welke drager dan ook, van het geheel of een gedeelte van de site www.lacremedeparis.com, zonder voorafgaande toestemming van het restaurant \" La Cr\u00e8me de Paris \" is strikt verboden en wordt beschouwd als een vervalsingsdelict.<\/p>\n<div class=\"separator  transparent center\" style=\"margin-top: 5px;\"><\/div>\n\n<p>Bloggers en journalisten mogen echter wel screenshots maken voor hun artikelen over ons restaurant \"La Cr\u00e8me de Paris\".<\/p>\n<div class=\"separator  transparent center\" style=\"margin-top: 10px;\"><\/div>\n\n<h5><strong>2. Handelsmerkrechten<\/strong><\/h5>\n<p>De benaming \" La Cr\u00e8me de Paris \", het logo \" La Cr\u00e8me de Paris \", zijn handelsmerken van het restaurant \" La Cr\u00e8me de Paris \".<\/p>\n<div class=\"separator  transparent center\" style=\"margin-top: 5px;\"><\/div>\n\n<p>De reproductie, weergave, gebruik, aanpassing of wijziging van dit merk zonder voorafgaande toestemming van het restaurant \" La Cr\u00e8me de Paris \" is strikt verboden en vormt een strafbaar feit van namaak.<\/p>\n<div class=\"separator  transparent center\" style=\"margin-top: 10px;\"><\/div>\n\n<h5><\/h5>\n<h5><strong>3. Verantwoordelijkheid<\/strong><\/h5>\n<p>Het restaurant \" La Cr\u00e8me de Paris \" kan niet aansprakelijk worden gesteld voor directe of indirecte schade en in het bijzonder voor materi\u00eble schade, verlies van gegevens, financieel verlies dat zou kunnen voortvloeien uit de verbinding of het gebruik van de site www.lacremedeparis.com of van de informatie die deze site bevat.<\/p>\n<div class=\"separator  transparent center\" style=\"margin-top: 10px;\"><\/div>\n\n<h5><strong>4. Naleving van regelgeving en ethiek<\/strong><\/h5>\n<p>De site www.lacremedeparis.com wordt beheerd door het restaurant \" La Cr\u00e8me de Paris \" waarvan het hoofdkantoor in Frankrijk is gevestigd en deze Voorwaarden zijn onderworpen aan het Franse recht.<\/p>\n<div class=\"separator  transparent center\" style=\"margin-top: 5px;\"><\/div>\n\n<p>Gebruikers die vanuit andere landen dan Frankrijk verbinding maken met de website www.lacremedeparis.com moeten ervoor zorgen dat zij zich houden aan de wetten die in die landen gelden.<\/p>\n<div class=\"separator  transparent center\" style=\"margin-top: 5px;\"><\/div>\n\n<p>Het restaurant \" La Cr\u00e8me de Paris \" behoudt zich het recht voor om op elk moment de huidige wettelijke informatie en voorwaarden te wijzigen en bij te werken.<\/p>\n\n\t\t<\/div> \n\t<\/div> <div class=\"separator  transparent\" style=\"margin-top: 20px;\"><\/div>\n<\/div><\/div><\/div><\/div><\/div><div      class=\"vc_row wpb_row section vc_row-fluid\" style=' text-align:left;'><div class=\"full_section_inner clearfix\"><div class=\"wpb_column vc_column_container vc_col-sm-12\"><div class=\"vc_column-inner\"><div class=\"wpb_wrapper\"><div class=\"separator  transparent\" style=\"margin-top: 50px;\"><\/div>\n<\/div><\/div><\/div><\/div><\/div>{:}{:es}<div      class=\"vc_row wpb_row section vc_row-fluid\" style=' text-align:left;'><div class=\"full_section_inner clearfix\"><div class=\"wpb_column vc_column_container vc_col-sm-12\"><div class=\"vc_column-inner\"><div class=\"wpb_wrapper\"><div class=\"separator  transparent\" style=\"margin-top: 110px;\"><\/div>\n<\/div><\/div><\/div><\/div><\/div><div      class=\"vc_row wpb_row section vc_row-fluid\" style=' text-align:left;'><div class=\"full_section_inner clearfix\"><div class=\"wpb_column vc_column_container vc_col-sm-6 vc_col-has-fill\"><div class=\"vc_column-inner vc_custom_1519462687529\"><div class=\"wpb_wrapper\">\n\t<div class=\"wpb_text_column wpb_content_element\">\n\t\t<div class=\"wpb_wrapper\">\n\t\t\t<h4>WETTELIJKE OPMERKINGEN<\/h4>\n<h5>CHRISTEPH SARL AU CAPITAL DE 1000 euro<\/h5>\n<h5><span class=\"ficheNumSiren\">751 447 947<\/span> <span class=\"ficheStatut\">R.C.S.<\/span> <span class=\"ficheGreffeNom top\">PARIJS<\/span><br \/>\nN\u00b0 Siret 75144794700019 - APE 5610A<\/h5>\n<p>Vestigingen : 4 RUE DU FAUBOURG MONTMARTRE 75009 PARIS<\/p>\n<div class=\"separator  transparent center\" style=\"margin-top: 10px;\"><\/div>\n\n<h5><strong>Directeur publiciteit<\/strong><\/h5>\n<p>Christine Combettes<br \/>\nRESTAURANT \"La Cr\u00e8me de Paris<\/p>\n<div class=\"separator  transparent center\" style=\"margin-top: 10px;\"><\/div>\n\n<h5><strong>Hoster<\/strong><\/h5>\n<p><strong>OVH Frankrijk<\/strong><br \/>\nSAS al kapitaal van \u20ac 10 069 020<br \/>\nRCS Lille M\u00e9tropole 424 761 419 00045<br \/>\nAPE-code 2620Z<br \/>\nBTW-NUMMER: FR 22 424 761 419<br \/>\nHoofdkantoor : 2 rue Kellermann - 59100 Roubaix - Frankrijk<\/p>\n<div class=\"separator  transparent center\" style=\"margin-top: 10px;\"><\/div>\n\n<h5><strong>Fot\u00f3grafa<\/strong><\/h5>\n<p><a href=\"http:\/\/emiliealbert.fr\/\" target=\"_blank\" rel=\"noopener\">Emilie Albert<\/a><\/p>\n<div class=\"separator  transparent center\" style=\"margin-top: 10px;\"><\/div>\n\n<h5><strong>Webdesigner<\/strong><\/h5>\n<p>Picturgency<\/p>\n<p><a href=\"https:\/\/picturgency.com\" target=\"_blank\" rel=\"noopener\">www.picturgency.com<\/a><\/p>\n\n\t\t<\/div> \n\t<\/div> <div class=\"separator  transparent\" style=\"margin-top: 50px;\"><\/div>\n<\/div><\/div><\/div><div class=\"wpb_column vc_column_container vc_col-sm-6 vc_col-has-fill\"><div class=\"vc_column-inner vc_custom_1519462700502\"><div class=\"wpb_wrapper\">\n\t<div class=\"wpb_text_column wpb_content_element\">\n\t\t<div class=\"wpb_wrapper\">\n\t\t\t<h4>ALGEMENE GEBRUIKSVOORWAARDEN<\/h4>\n<p>De toegang tot de website www.lacremedeparis.com impliceert de aanvaarding van deze gebruiksvoorwaarden.<br \/>\n<div class=\"separator  transparent center\" style=\"margin-top: 10px;\"><\/div>\n<h4>Intellectuele eigendomsrechten<\/h4>\n<div class=\"separator  transparent center\" style=\"margin-top: 5px;\"><\/div>\n\n<h5><strong>1. Rechten van de auteur<\/strong><\/h5>\n<p>El Sitio www.lacremedeparis.com es una creaci\u00f3n intelectual cuyo restaurante \" La Cr\u00e8me de Paris \" es el autor en el sentido de los art\u00edculos L. 111.1 y siguientes del C\u00f3digo de propiedad intelectual.<br \/>\n<div class=\"separator  transparent center\" style=\"margin-top: 5px;\"><\/div>\n<br \/>\nTodos los elementos disponibles en el Sitio www.lacremedeparis.com incluyendo fotograf\u00edas, textos, lemas, dibujos, im\u00e1genes, secuencias animadas sonoras o no y todas las creaciones intelectuales integradas en el sitio www.lacremedeparis.com is het eigendom van het restaurant \"La Cr\u00e8me de Paris\", met uitzondering van de galerijen van instagram foto's van onze klanten gepubliceerd op dit sociale netwerk en gekopieerd door de geautomatiseerde instagram stream #lacremedeparis.<br \/>\n<div class=\"separator  transparent center\" style=\"margin-top: 5px;\"><\/div>\n<br \/>\nCualquier reproducci\u00f3n, representaci\u00f3n, uso, adaptaci\u00f3n o modificaci\u00f3n, por cualquier proceso y en cualquier medio, de todo o parte del sitio www.lacremedeparis.com, sin haber obtenido la autorizaci\u00f3n previa del restaurante \" La Cr\u00e8me de Paris \" est\u00e1 estrictamente prohibido y constituye una ofensa de falsificaci\u00f3n.<br \/>\n<div class=\"separator  transparent center\" style=\"margin-top: 5px;\"><\/div>\n<br \/>\nBloggers en journalisten kunnen foto's maken voor hun artikelen over ons restaurant \"La Cr\u00e8me de Paris\".<br \/>\n<div class=\"separator  transparent center\" style=\"margin-top: 10px;\"><\/div>\n<h5><strong>2. Rechten van geregistreerde merken<\/strong><\/h5>\n<p>De naam \"La Cr\u00e8me de Paris\" en het logo \"La Cr\u00e8me de Paris\" zijn gedeponeerde handelsmerken van het restaurant \"La Cr\u00e8me de Paris\".<br \/>\n<div class=\"separator  transparent center\" style=\"margin-top: 5px;\"><\/div>\n<br \/>\nDe naam \"La Cr\u00e8me de Paris\" en het logo \"La Cr\u00e8me de Paris\" zijn gedeponeerde handelsmerken van het restaurant \"La Cr\u00e8me de Paris\".<br \/>\nHet reproduceren, weergeven, gebruiken, aanpassen of wijzigen van deze merken zonder voorafgaande toestemming van het restaurant \"La Cr\u00e8me de Paris\" is ten strengste verboden en wordt beschouwd als vervalsing.<br \/>\n<div class=\"separator  transparent center\" style=\"margin-top: 10px;\"><\/div>\n<h5><strong>3. Verantwoordelijkheid<\/strong><\/h5>\n<p>El restaurante \" La Cr\u00e8me de Paris \" is niet verantwoordelijk voor directe of indirecte schade, in het bijzonder niet voor materi\u00eble schade, verlies van gegevens of financi\u00eble schade die zou kunnen voortvloeien uit de verbinding of het gebruik van de site www.lacremedeparis.com of de informatie die deze bevat.<br \/>\n<div class=\"separator  transparent center\" style=\"margin-top: 10px;\"><\/div>\n<h5><strong>4. Naleving van de normen en de wet<\/strong><\/h5>\n<p>El sitio www.lacremedeparis.com es operado por el restaurante \" La Cr\u00e8me de Paris \" cuya sede se encuentra en Francia y estos T\u00e9rminos de uso est\u00e1n sujetos a la legislaci\u00f3n francesa.<br \/>\n<div class=\"separator  transparent center\" style=\"margin-top: 5px;\"><\/div>\n<br \/>\nGebruikers die vanuit andere landen dan Frankrijk verbinding maken met de website www.lacremedeparis.com moeten garanderen dat zij zich houden aan de wetten die in die landen van toepassing zijn.<br \/>\n<div class=\"separator  transparent center\" style=\"margin-top: 5px;\"><\/div>\n<br \/>\nEl restaurante \" La Cr\u00e8me de Paris \" behoudt zich het recht voor om op elk moment de wettelijke informatie en de algemene gebruiksvoorwaarden te wijzigen en te actualiseren, waarbij de wijziging en actualisering van de algemene gebruiksvoorwaarden zo snel als mogelijk is vereist is en van toepassing is vanaf het moment dat wij u deze ter beschikking stellen.<\/p>\n\n\t\t<\/div> \n\t<\/div> <div class=\"separator  transparent\" style=\"margin-top: 20px;\"><\/div>\n<\/div><\/div><\/div><\/div><\/div><div      class=\"vc_row wpb_row section vc_row-fluid\" style=' text-align:left;'><div class=\"full_section_inner clearfix\"><div class=\"wpb_column vc_column_container vc_col-sm-12\"><div class=\"vc_column-inner\"><div class=\"wpb_wrapper\"><div class=\"separator  transparent\" style=\"margin-top: 50px;\"><\/div>\n<\/div><\/div><\/div><\/div><\/div>{:}<\/p>\n<\/div>","protected":false},"excerpt":{"rendered":"<p>{:fr}{:}{:en}{:}{:es}{:}<\/p>","protected":false},"author":1,"featured_media":0,"parent":0,"menu_order":0,"comment_status":"closed","ping_status":"closed","template":"","meta":[],"_links":{"self":[{"href":"https:\/\/www.lacremedeparis.com\/nl\/wp-json\/wp\/v2\/pages\/1281"}],"collection":[{"href":"https:\/\/www.lacremedeparis.com\/nl\/wp-json\/wp\/v2\/pages"}],"about":[{"href":"https:\/\/www.lacremedeparis.com\/nl\/wp-json\/wp\/v2\/types\/page"}],"author":[{"embeddable":true,"href":"https:\/\/www.lacremedeparis.com\/nl\/wp-json\/wp\/v2\/users\/1"}],"replies":[{"embeddable":true,"href":"https:\/\/www.lacremedeparis.com\/nl\/wp-json\/wp\/v2\/comments?post=1281"}],"version-history":[{"count":26,"href":"https:\/\/www.lacremedeparis.com\/nl\/wp-json\/wp\/v2\/pages\/1281\/revisions"}],"predecessor-version":[{"id":2081,"href":"https:\/\/www.lacremedeparis.com\/nl\/wp-json\/wp\/v2\/pages\/1281\/revisions\/2081"}],"wp:attachment":[{"href":"https:\/\/www.lacremedeparis.com\/nl\/wp-json\/wp\/v2\/media?parent=1281"}],"curies":[{"name":"wp","href":"https:\/\/api.w.org\/{rel}","templated":true}]}}