{"id":1281,"date":"2018-02-24T09:28:37","date_gmt":"2018-02-24T08:28:37","guid":{"rendered":"https:\/\/www.lacremedeparis.com\/?page_id=1281"},"modified":"2021-10-19T20:01:40","modified_gmt":"2021-10-19T18:01:40","slug":"mentions-legales","status":"publish","type":"page","link":"https:\/\/www.lacremedeparis.com\/es\/mentions-legales\/","title":{"rendered":"ADVISOS LEGALES Y TYC"},"content":{"rendered":"<div class=\"wpb-content-wrapper\"><p>{:en}<div      class=\"vc_row wpb_row section vc_row-fluid\" style=' text-align:left;'><div class=\"full_section_inner clearfix\"><div class=\"wpb_column vc_column_container vc_col-sm-12\"><div class=\"vc_column-inner\"><div class=\"wpb_wrapper\"><div class=\"separator  transparent\" style=\"margin-top: 110px;\"><\/div>\n<\/div><\/div><\/div><\/div><\/div><div      class=\"vc_row wpb_row section vc_row-fluid\" style=' text-align:left;'><div class=\"full_section_inner clearfix\"><div class=\"wpb_column vc_column_container vc_col-sm-6 vc_col-has-fill\"><div class=\"vc_column-inner vc_custom_1519462687529\"><div class=\"wpb_wrapper\">\n\t<div class=\"wpb_text_column wpb_content_element\">\n\t\t<div class=\"wpb_wrapper\">\n\t\t\t<h4>AVISOS LEGALES<\/h4>\n<h5>CHRISTEPH SARL AU CAPITAL DE 1000 euros<\/h5>\n<h5><span class=\"ficheNumSiren\">751 447 947<\/span> \u00a0<span class=\"ficheStatut\">R.C.S.<\/span>\u00a0<span class=\"ficheGreffeNom top\">PAR\u00cdS<\/span><br \/>\nN\u00b0 Siret 75144794700019 - APE 5610A<\/h5>\n<p>Domicilio social: 4 RUE DU FAUBOURG MONTMARTRE 75009 PARIS<\/p>\n<div class=\"separator  transparent center\" style=\"margin-top: 10px;\"><\/div>\n\n<h5><strong>Director de la publicaci\u00f3n<\/strong><\/h5>\n<p>Christine Combettes<br \/>\nRESTAURANTE \"La Cr\u00e8me de Paris<\/p>\n<div class=\"separator  transparent center\" style=\"margin-top: 10px;\"><\/div>\n\n<h5><strong>Anfitri\u00f3n<\/strong><\/h5>\n<p><strong>OVH Francia<\/strong><br \/>\nSAS con un capital de 10.069.020 euros<br \/>\nRCS Lille M\u00e9tropole 424 761 419 00045<br \/>\nC\u00f3digo APE 2620Z<br \/>\nN\u00daMERO DE IVA: FR 22 424 761 419<br \/>\nSede social: 2 rue Kellermann - 59100 Roubaix - Francia<\/p>\n<div class=\"separator  transparent center\" style=\"margin-top: 10px;\"><\/div>\n\n<h5><strong>Fot\u00f3grafo<\/strong><\/h5>\n<p><a href=\"http:\/\/emiliealbert.fr\/\" target=\"_blank\" rel=\"noopener\">Emilie Albert<\/a><\/p>\n<div class=\"separator  transparent center\" style=\"margin-top: 10px;\"><\/div>\n\n<h5><strong>Dise\u00f1ador web<\/strong><\/h5>\n<p>Picturgencia<\/p>\n<p><a href=\"https:\/\/picturgency.com\" target=\"_blank\" rel=\"noopener\">www.picturgency.com<\/a><\/p>\n\n\t\t<\/div> \n\t<\/div> <div class=\"separator  transparent\" style=\"margin-top: 50px;\"><\/div>\n<\/div><\/div><\/div><div class=\"wpb_column vc_column_container vc_col-sm-6 vc_col-has-fill\"><div class=\"vc_column-inner vc_custom_1519462700502\"><div class=\"wpb_wrapper\">\n\t<div class=\"wpb_text_column wpb_content_element\">\n\t\t<div class=\"wpb_wrapper\">\n\t\t\t<h4>CONDICIONES DE USO<\/h4>\n<p>El acceso al sitio web www.lacremedeparis.com implica la aceptaci\u00f3n de estas Condiciones Generales de Uso.<\/p>\n<div class=\"separator  transparent center\" style=\"margin-top: 10px;\"><\/div>\n\n<h4>Derechos de propiedad intelectual<\/h4>\n<div class=\"separator  transparent center\" style=\"margin-top: 5px;\"><\/div>\n\n<h5><strong>1. Copyright<\/strong><\/h5>\n<p>El sitio web www.lacremedeparis.com constituye una creaci\u00f3n intelectual de la que el restaurante \"La Cr\u00e8me de Paris\" es autor en el sentido de los art\u00edculos L. 111.1 y siguientes del C\u00f3digo de la Propiedad Intelectual.<\/p>\n<div class=\"separator  transparent center\" style=\"margin-top: 5px;\"><\/div>\n\n<p>Todos los elementos disponibles en el sitio web www.lacremedeparis.com, incluyendo fotograf\u00edas, textos, esl\u00f3ganes, dibujos, im\u00e1genes, secuencias animadas con o sin sonido, as\u00ed como todas las creaciones intelectuales integradas en el sitio web www.lacremedeparis.com, son propiedad del restaurante \"La Cr\u00e8me de Paris\", a excepci\u00f3n de las galer\u00edas de fotos de instagram de nuestros clientes publicadas en esta red social y recogidas mediante un feed automatizado de instagram #lacremedeparis.<\/p>\n<div class=\"separator  transparent center\" style=\"margin-top: 5px;\"><\/div>\n\n<p>Toda reproducci\u00f3n, representaci\u00f3n, utilizaci\u00f3n, adaptaci\u00f3n o modificaci\u00f3n, por cualquier procedimiento y en cualquier soporte, de la totalidad o parte del sitio www.lacremedeparis.com, sin haber obtenido la autorizaci\u00f3n previa del restaurante \"La Cr\u00e8me de Paris\" est\u00e1 estrictamente prohibida y constituye una infracci\u00f3n de los derechos de autor.<\/p>\n<div class=\"separator  transparent center\" style=\"margin-top: 5px;\"><\/div>\n\n<p>Sin embargo, los blogueros y los periodistas est\u00e1n autorizados a realizar capturas de pantalla para sus art\u00edculos sobre nuestro restaurante \"La Cr\u00e8me de Paris\".<\/p>\n<div class=\"separator  transparent center\" style=\"margin-top: 10px;\"><\/div>\n\n<h5><strong>2. Derechos de marca<\/strong><\/h5>\n<p>El nombre \"La Cr\u00e8me de Paris\" y el logotipo \"La Cr\u00e8me de Paris\" son marcas registradas del restaurante \"La Cr\u00e8me de Paris\".<\/p>\n<div class=\"separator  transparent center\" style=\"margin-top: 5px;\"><\/div>\n\n<p>La reproducci\u00f3n, representaci\u00f3n, utilizaci\u00f3n, adaptaci\u00f3n o modificaci\u00f3n de estas marcas sin la autorizaci\u00f3n previa del restaurante \"La Cr\u00e8me de Paris\" est\u00e1 estrictamente prohibida y constituye una infracci\u00f3n de los derechos de autor.<\/p>\n<div class=\"separator  transparent center\" style=\"margin-top: 10px;\"><\/div>\n\n<h5><strong>3. Responsabilidad<\/strong><\/h5>\n<p>El restaurante \"La Cr\u00e8me de Paris\" no se hace responsable de ning\u00fan da\u00f1o directo o indirecto, en particular de los da\u00f1os materiales, de la p\u00e9rdida de datos o de los perjuicios financieros que puedan derivarse de la conexi\u00f3n o de la utilizaci\u00f3n del sitio web www.lacremedeparis.com o de la informaci\u00f3n contenida en \u00e9l.<\/p>\n<div class=\"separator  transparent center\" style=\"margin-top: 10px;\"><\/div>\n\n<h5><strong>4. Cumplimiento de la normativa y la \u00e9tica<\/strong><\/h5>\n<p>El sitio web www.lacremedeparis.com es operado por el restaurante \"La Cr\u00e8me de Paris\" cuyo domicilio social se encuentra en Francia y estas Condiciones Generales de Uso est\u00e1n sujetas a la legislaci\u00f3n francesa.<\/p>\n<div class=\"separator  transparent center\" style=\"margin-top: 5px;\"><\/div>\n\n<p>Los usuarios de Internet que se conecten al sitio www.lacremedeparis.com desde pa\u00edses distintos de Francia deben asegurarse de que cumplen con la legislaci\u00f3n aplicable a estos pa\u00edses.<\/p>\n<div class=\"separator  transparent center\" style=\"margin-top: 5px;\"><\/div>\n\n<p>El restaurante \"La Cr\u00e8me de Paris\" se reserva el derecho de modificar y actualizar en cualquier momento el presente aviso legal y las Condiciones Generales de Uso, precis\u00e1ndose que la modificaci\u00f3n y actualizaci\u00f3n de las Condiciones Generales de Uso son vinculantes desde su puesta en l\u00ednea.<\/p>\n\n\t\t<\/div> \n\t<\/div> <div class=\"separator  transparent\" style=\"margin-top: 20px;\"><\/div>\n<\/div><\/div><\/div><\/div><\/div><div      class=\"vc_row wpb_row section vc_row-fluid\" style=' text-align:left;'><div class=\"full_section_inner clearfix\"><div class=\"wpb_column vc_column_container vc_col-sm-12\"><div class=\"vc_column-inner\"><div class=\"wpb_wrapper\"><div class=\"separator  transparent\" style=\"margin-top: 50px;\"><\/div>\n<\/div><\/div><\/div><\/div><\/div>{:}{:es}<div      class=\"vc_row wpb_row section vc_row-fluid\" style=' text-align:left;'><div class=\"full_section_inner clearfix\"><div class=\"wpb_column vc_column_container vc_col-sm-12\"><div class=\"vc_column-inner\"><div class=\"wpb_wrapper\"><div class=\"separator  transparent\" style=\"margin-top: 110px;\"><\/div>\n<\/div><\/div><\/div><\/div><\/div><div      class=\"vc_row wpb_row section vc_row-fluid\" style=' text-align:left;'><div class=\"full_section_inner clearfix\"><div class=\"wpb_column vc_column_container vc_col-sm-6 vc_col-has-fill\"><div class=\"vc_column-inner vc_custom_1519462687529\"><div class=\"wpb_wrapper\">\n\t<div class=\"wpb_text_column wpb_content_element\">\n\t\t<div class=\"wpb_wrapper\">\n\t\t\t<h4>INFORMACI\u00d3N JUR\u00cdDICA<\/h4>\n<h5>CHRISTEPH SARL CAPITAL DE 1000 euros<\/h5>\n<h5><span class=\"ficheNumSiren\">751 447 947<\/span> <span class=\"ficheStatut\">R.C.S.<\/span> <span class=\"ficheGreffeNom top\">PAR\u00cdS<\/span><br \/>\nSiret N\u00b0 75144794700019 - APE 5610A<\/h5>\n<p>Oficina registrada : 4 RUE DU FAUBOURG MONTMARTRE 75009 PARIS<\/p>\n<h5><strong>Director de la publicaci\u00f3n<\/strong><\/h5>\n<p>Christine Combettes<br \/>\nRESTAURANTE \"La Cr\u00e8me de Paris<\/p>\n<h5><\/h5>\n<h5><strong>Anfitri\u00f3n<\/strong><\/h5>\n<p><strong>OVH Francia<\/strong><br \/>\nEl capital de SAS es de 10 069 020 euros.<br \/>\nRCS Lille M\u00e9tropole 424 761 419 00045<br \/>\nC\u00f3digo APE 2620Z<br \/>\nN\u00daMERO DE IVA: FR 22 424 761 419<br \/>\nOficina registrada: 2 rue Kellermann - 59100 Roubaix - Francia<\/p>\n<h5><strong>Fot\u00f3grafo<\/strong><\/h5>\n<p><a href=\"http:\/\/emiliealbert.fr\/\" target=\"_blank\" rel=\"noopener\">Emilie Albert<\/a><\/p>\n<h5><strong>Dise\u00f1ador web<\/strong><\/h5>\n<p>Picturgencia<\/p>\n<p><a href=\"https:\/\/picturgency.com\" target=\"_blank\" rel=\"noopener\">www.picturgency.com<\/a><\/p>\n\n\t\t<\/div> \n\t<\/div> <div class=\"separator  transparent\" style=\"margin-top: 50px;\"><\/div>\n<\/div><\/div><\/div><div class=\"wpb_column vc_column_container vc_col-sm-6 vc_col-has-fill\"><div class=\"vc_column-inner vc_custom_1519462700502\"><div class=\"wpb_wrapper\">\n\t<div class=\"wpb_text_column wpb_content_element\">\n\t\t<div class=\"wpb_wrapper\">\n\t\t\t<h4>CONDICIONES GENERALES<\/h4>\n<p>El acceso al sitio www.lacremedeparis.com implica la aceptaci\u00f3n de estas condiciones de uso.<\/p>\n<div class=\"separator  transparent center\" style=\"margin-top: 15px;\"><\/div>\n\n<h4>Derechos de propiedad intelectual<\/h4>\n<div class=\"separator  transparent center\" style=\"margin-top: 5px;\"><\/div>\n\n<h5><strong>1. Derechos de autor<\/strong><\/h5>\n<p>El sitio www.lacremedeparis.com es una creaci\u00f3n intelectual cuyo restaurante \" La Cr\u00e8me de Paris \" es el autor en el sentido de los art\u00edculos L. 111.1 y siguientes del C\u00f3digo de la propiedad intelectual.<\/p>\n<div class=\"separator  transparent center\" style=\"margin-top: 5px;\"><\/div>\n\n<p>Todos los elementos disponibles en el sitio www.lacremedeparis.com incluyendo fotograf\u00edas, textos, esl\u00f3ganes, dibujos, im\u00e1genes, secuencias animadas sonoras o no y todas las creaciones intelectuales integradas en el sitio www.lacremedeparis.com son propiedad del restaurante \" La Cr\u00e8me de Paris \" a excepci\u00f3n de las galer\u00edas de fotos de instagram de nuestros clientes publicadas en esta red social y recogidas por el flujo automatizado de instagram #lacremedeparis.<\/p>\n<div class=\"separator  transparent center\" style=\"margin-top: 5px;\"><\/div>\n\n<p>Toda reproducci\u00f3n, representaci\u00f3n, utilizaci\u00f3n, adaptaci\u00f3n o modificaci\u00f3n, por cualquier procedimiento y en cualquier soporte, de la totalidad o parte del sitio www.lacremedeparis.com, sin haber obtenido la autorizaci\u00f3n previa del restaurante \" La Cr\u00e8me de Paris \" est\u00e1 estrictamente prohibida y constituye un delito de falsificaci\u00f3n.<\/p>\n<div class=\"separator  transparent center\" style=\"margin-top: 5px;\"><\/div>\n\n<p>Sin embargo, los blogueros y los periodistas est\u00e1n autorizados a realizar capturas de pantalla para sus art\u00edculos sobre nuestro restaurante \"La Cr\u00e8me de Paris\".<\/p>\n<div class=\"separator  transparent center\" style=\"margin-top: 10px;\"><\/div>\n\n<h5><strong>2. Derechos de marca<\/strong><\/h5>\n<p>La denominaci\u00f3n \" La Cr\u00e8me de Paris \", el logotipo \" La Cr\u00e8me de Paris \", son marcas del restaurante \" La Cr\u00e8me de Paris \".<\/p>\n<div class=\"separator  transparent center\" style=\"margin-top: 5px;\"><\/div>\n\n<p>La reproducci\u00f3n, representaci\u00f3n, utilizaci\u00f3n, adaptaci\u00f3n o modificaci\u00f3n de estas marcas sin autorizaci\u00f3n previa del restaurante \"La Cr\u00e8me de Paris\" est\u00e1 estrictamente prohibida y constituye un delito de falsificaci\u00f3n.<\/p>\n<div class=\"separator  transparent center\" style=\"margin-top: 10px;\"><\/div>\n\n<h5><\/h5>\n<h5><strong>3. Responsabilidad<\/strong><\/h5>\n<p>El restaurante \"La Cr\u00e8me de Paris\" no se hace responsable de los da\u00f1os directos e indirectos y, en particular, de los da\u00f1os materiales, la p\u00e9rdida de datos y las p\u00e9rdidas financieras que pudieran derivarse de la conexi\u00f3n o el uso del sitio www.lacremedeparis.com o de la informaci\u00f3n contenida en \u00e9l.<\/p>\n<div class=\"separator  transparent center\" style=\"margin-top: 10px;\"><\/div>\n\n<h5><strong>4. Cumplimiento de la normativa y la \u00e9tica<\/strong><\/h5>\n<p>El sitio www.lacremedeparis.com es operado por el restaurante \"La Cr\u00e8me de Paris\" cuya sede est\u00e1 en Francia y estos T\u00e9rminos est\u00e1n sujetos a la legislaci\u00f3n francesa.<\/p>\n<div class=\"separator  transparent center\" style=\"margin-top: 5px;\"><\/div>\n\n<p>Los usuarios que se conecten al sitio web www.lacremedeparis.com desde pa\u00edses distintos de Francia deben asegurarse de que cumplen con la legislaci\u00f3n aplicable a estos pa\u00edses.<\/p>\n<div class=\"separator  transparent center\" style=\"margin-top: 5px;\"><\/div>\n\n<p>El restaurante \"La Cr\u00e8me de Paris\" se reserva el derecho de modificar y actualizar en cualquier momento las presentes informaciones legales y condiciones.<\/p>\n\n\t\t<\/div> \n\t<\/div> <div class=\"separator  transparent\" style=\"margin-top: 20px;\"><\/div>\n<\/div><\/div><\/div><\/div><\/div><div      class=\"vc_row wpb_row section vc_row-fluid\" style=' text-align:left;'><div class=\"full_section_inner clearfix\"><div class=\"wpb_column vc_column_container vc_col-sm-12\"><div class=\"vc_column-inner\"><div class=\"wpb_wrapper\"><div class=\"separator  transparent\" style=\"margin-top: 50px;\"><\/div>\n<\/div><\/div><\/div><\/div><\/div>{Es...<div      class=\"vc_row wpb_row section vc_row-fluid\" style=' text-align:left;'><div class=\"full_section_inner clearfix\"><div class=\"wpb_column vc_column_container vc_col-sm-12\"><div class=\"vc_column-inner\"><div class=\"wpb_wrapper\"><div class=\"separator  transparent\" style=\"margin-top: 110px;\"><\/div>\n<\/div><\/div><\/div><\/div><\/div><div      class=\"vc_row wpb_row section vc_row-fluid\" style=' text-align:left;'><div class=\"full_section_inner clearfix\"><div class=\"wpb_column vc_column_container vc_col-sm-6 vc_col-has-fill\"><div class=\"vc_column-inner vc_custom_1519462687529\"><div class=\"wpb_wrapper\">\n\t<div class=\"wpb_text_column wpb_content_element\">\n\t\t<div class=\"wpb_wrapper\">\n\t\t\t<h4>NOTAS JUR\u00cdDICAS<\/h4>\n<h5>CHRISTEPH SARL AU CAPITAL DE 1000 euros<\/h5>\n<h5><span class=\"ficheNumSiren\">751 447 947<\/span> <span class=\"ficheStatut\">R.C.S.<\/span> <span class=\"ficheGreffeNom top\">PAR\u00cdS<\/span><br \/>\nN\u00b0 Siret 75144794700019 - APE 5610A<\/h5>\n<p>Oficinas centrales : 4 RUE DU FAUBOURG MONTMARTRE 75009 PARIS<\/p>\n<div class=\"separator  transparent center\" style=\"margin-top: 10px;\"><\/div>\n\n<h5><strong>Director de publicaciones<\/strong><\/h5>\n<p>Christine Combettes<br \/>\nRESTAURANTE \"La Cr\u00e8me de Paris<\/p>\n<div class=\"separator  transparent center\" style=\"margin-top: 10px;\"><\/div>\n\n<h5><strong>Hoster<\/strong><\/h5>\n<p><strong>OVH Francia<\/strong><br \/>\nSAS al capital de 10 069 020 euros<br \/>\nRCS Lille M\u00e9tropole 424 761 419 00045<br \/>\nC\u00f3digo APE 2620Z<br \/>\nN\u00daMERO DE IVA: FR 22 424 761 419<br \/>\nOficina principal : 2 rue Kellermann - 59100 Roubaix - Francia<\/p>\n<div class=\"separator  transparent center\" style=\"margin-top: 10px;\"><\/div>\n\n<h5><strong>Fot\u00f3grafa<\/strong><\/h5>\n<p><a href=\"http:\/\/emiliealbert.fr\/\" target=\"_blank\" rel=\"noopener\">Emilie Albert<\/a><\/p>\n<div class=\"separator  transparent center\" style=\"margin-top: 10px;\"><\/div>\n\n<h5><strong>Dise\u00f1ador web<\/strong><\/h5>\n<p>Picturgencia<\/p>\n<p><a href=\"https:\/\/picturgency.com\" target=\"_blank\" rel=\"noopener\">www.picturgency.com<\/a><\/p>\n\n\t\t<\/div> \n\t<\/div> <div class=\"separator  transparent\" style=\"margin-top: 50px;\"><\/div>\n<\/div><\/div><\/div><div class=\"wpb_column vc_column_container vc_col-sm-6 vc_col-has-fill\"><div class=\"vc_column-inner vc_custom_1519462700502\"><div class=\"wpb_wrapper\">\n\t<div class=\"wpb_text_column wpb_content_element\">\n\t\t<div class=\"wpb_wrapper\">\n\t\t\t<h4>CONDICIONES GENERALES DE USO<\/h4>\n<p>El acceso al sitio web www.lacremedeparis.com implica la aceptaci\u00f3n de estas condiciones de uso.<br \/>\n<div class=\"separator  transparent center\" style=\"margin-top: 10px;\"><\/div>\n<h4>Derechos de propiedad intelectual<\/h4>\n<div class=\"separator  transparent center\" style=\"margin-top: 5px;\"><\/div>\n\n<h5><strong>1. Derechos de autor<\/strong><\/h5>\n<p>El Sitio www.lacremedeparis.com es una creaci\u00f3n intelectual cuyo restaurante \" La Cr\u00e8me de Paris \" es el autor en el sentido de los art\u00edculos L. 111.1 y siguientes del C\u00f3digo de propiedad intelectual.<br \/>\n<div class=\"separator  transparent center\" style=\"margin-top: 5px;\"><\/div>\n<br \/>\nTodos los elementos disponibles en el Sitio www.lacremedeparis.com incluyendo fotograf\u00edas, textos, lemas, dibujos, im\u00e1genes, secuencias animadas sonoras o no y todas las creaciones intelectuales integradas en el sitio www.lacremedeparis.com es propiedad del restaurante \"La Cr\u00e8me de Paris\", a excepci\u00f3n de las galer\u00edas de fotos de instagram de nuestros clientes publicitadas en esta red social y copiadas por el stream automatizado de instagram #lacremedeparis.<br \/>\n<div class=\"separator  transparent center\" style=\"margin-top: 5px;\"><\/div>\n<br \/>\nCualquier reproducci\u00f3n, representaci\u00f3n, uso, adaptaci\u00f3n o modificaci\u00f3n, por cualquier proceso y en cualquier medio, de todo o parte del sitio www.lacremedeparis.com, sin haber obtenido la autorizaci\u00f3n previa del restaurante \" La Cr\u00e8me de Paris \" est\u00e1 estrictamente prohibido y constituye una ofensa de falsificaci\u00f3n.<br \/>\n<div class=\"separator  transparent center\" style=\"margin-top: 5px;\"><\/div>\n<br \/>\nSin embargo, los bloggers y periodistas pueden tomar capturas de pantalla para sus art\u00edculos sobre nuestro restaurante \"La Cr\u00e8me de Paris\".<br \/>\n<div class=\"separator  transparent center\" style=\"margin-top: 10px;\"><\/div>\n<h5><strong>2. Derechos de marca registrada<\/strong><\/h5>\n<p>El nombre \"La Cr\u00e8me de Paris\" y el logotipo \"La Cr\u00e8me de Paris\" son marcas registradas del restaurante \"La Cr\u00e8me de Paris\".<br \/>\n<div class=\"separator  transparent center\" style=\"margin-top: 5px;\"><\/div>\n<br \/>\nEl nombre \"La Cr\u00e8me de Paris\" y el logotipo \"La Cr\u00e8me de Paris\" son marcas registradas del restaurante \"La Cr\u00e8me de Paris\".<br \/>\nLa reproducci\u00f3n, representaci\u00f3n, utilizaci\u00f3n, adaptaci\u00f3n o modificaci\u00f3n de estas marcas sin el consentimiento previo del restaurante \"La Cr\u00e8me de Paris\" est\u00e1 estrictamente prohibida y constituye una falsificaci\u00f3n.<br \/>\n<div class=\"separator  transparent center\" style=\"margin-top: 10px;\"><\/div>\n<h5><strong>3. Responsabilidad<\/strong><\/h5>\n<p>El restaurante \" La Cr\u00e8me de Paris \" no se hace responsable de los da\u00f1os directos e indirectos y, especialmente, del da\u00f1o material, la p\u00e9rdida de datos, las p\u00e9rdidas financieras que pudieran derivarse de la conexi\u00f3n o el uso del sitio www.lacremedeparis.com o la informaci\u00f3n que contiene.<br \/>\n<div class=\"separator  transparent center\" style=\"margin-top: 10px;\"><\/div>\n<h5><strong>4. Cumplimiento de las normas y la ley<\/strong><\/h5>\n<p>El sitio www.lacremedeparis.com es operado por el restaurante \" La Cr\u00e8me de Paris \" cuya sede se encuentra en Francia y estos T\u00e9rminos de uso est\u00e1n sujetos a la legislaci\u00f3n francesa.<br \/>\n<div class=\"separator  transparent center\" style=\"margin-top: 5px;\"><\/div>\n<br \/>\nLos usuarios que se conecten al sitio web www.lacremedeparis.com desde pa\u00edses distintos de Francia deben garantizar el cumplimiento de la legislaci\u00f3n aplicable en esos pa\u00edses.<br \/>\n<div class=\"separator  transparent center\" style=\"margin-top: 5px;\"><\/div>\n<br \/>\nEl restaurante \" La Cr\u00e8me de Paris \" se reserva el derecho de modificar y actualizar en cualquier momento los avisos legales y las Condiciones Generales de Uso, especificando que la modificaci\u00f3n y actualizaci\u00f3n de los T\u00e9rminos Generales de Uso se requiere tan pronto como sea posible y se aplica desde que le ponemos en l\u00ednea.<\/p>\n\n\t\t<\/div> \n\t<\/div> <div class=\"separator  transparent\" style=\"margin-top: 20px;\"><\/div>\n<\/div><\/div><\/div><\/div><\/div><div      class=\"vc_row wpb_row section vc_row-fluid\" style=' text-align:left;'><div class=\"full_section_inner clearfix\"><div class=\"wpb_column vc_column_container vc_col-sm-12\"><div class=\"vc_column-inner\"><div class=\"wpb_wrapper\"><div class=\"separator  transparent\" style=\"margin-top: 50px;\"><\/div>\n<\/div><\/div><\/div><\/div><\/div>{:}<\/p>\n<\/div>","protected":false},"excerpt":{"rendered":"<p>{:fr}{:}{:en}{:}{:es}{:}<\/p>","protected":false},"author":1,"featured_media":0,"parent":0,"menu_order":0,"comment_status":"closed","ping_status":"closed","template":"","meta":[],"_links":{"self":[{"href":"https:\/\/www.lacremedeparis.com\/es\/wp-json\/wp\/v2\/pages\/1281"}],"collection":[{"href":"https:\/\/www.lacremedeparis.com\/es\/wp-json\/wp\/v2\/pages"}],"about":[{"href":"https:\/\/www.lacremedeparis.com\/es\/wp-json\/wp\/v2\/types\/page"}],"author":[{"embeddable":true,"href":"https:\/\/www.lacremedeparis.com\/es\/wp-json\/wp\/v2\/users\/1"}],"replies":[{"embeddable":true,"href":"https:\/\/www.lacremedeparis.com\/es\/wp-json\/wp\/v2\/comments?post=1281"}],"version-history":[{"count":26,"href":"https:\/\/www.lacremedeparis.com\/es\/wp-json\/wp\/v2\/pages\/1281\/revisions"}],"predecessor-version":[{"id":2081,"href":"https:\/\/www.lacremedeparis.com\/es\/wp-json\/wp\/v2\/pages\/1281\/revisions\/2081"}],"wp:attachment":[{"href":"https:\/\/www.lacremedeparis.com\/es\/wp-json\/wp\/v2\/media?parent=1281"}],"curies":[{"name":"wp","href":"https:\/\/api.w.org\/{rel}","templated":true}]}}