{"id":1281,"date":"2018-02-24T09:28:37","date_gmt":"2018-02-24T08:28:37","guid":{"rendered":"https:\/\/www.lacremedeparis.com\/?page_id=1281"},"modified":"2021-10-19T20:01:40","modified_gmt":"2021-10-19T18:01:40","slug":"mentions-legales","status":"publish","type":"page","link":"https:\/\/www.lacremedeparis.com\/en\/legal-mentions\/","title":{"rendered":"LEGAL NOTICES &amp; T &amp; CS"},"content":{"rendered":"<div class=\"wpb-content-wrapper\"><p>{:en}<div      class=\"vc_row wpb_row section vc_row-fluid\" style=' text-align:left;'><div class=\"full_section_inner clearfix\"><div class=\"wpb_column vc_column_container vc_col-sm-12\"><div class=\"vc_column-inner\"><div class=\"wpb_wrapper\"><div class=\"separator  transparent\" style=\"margin-top: 110px;\"><\/div>\n<\/div><\/div><\/div><\/div><\/div><div      class=\"vc_row wpb_row section vc_row-fluid\" style=' text-align:left;'><div class=\"full_section_inner clearfix\"><div class=\"wpb_column vc_column_container vc_col-sm-6 vc_col-has-fill\"><div class=\"vc_column-inner vc_custom_1519462687529\"><div class=\"wpb_wrapper\">\n\t<div class=\"wpb_text_column wpb_content_element\">\n\t\t<div class=\"wpb_wrapper\">\n\t\t\t<h4>LEGAL NOTICES<\/h4>\n<h5>CHRISTEPH SARL AU CAPITAL DE 1000 euros<\/h5>\n<h5><span class=\"ficheNumSiren\">751 447 947<\/span> \u00a0<span class=\"ficheStatut\">R.C.S.<\/span>\u00a0<span class=\"ficheGreffeNom top\">PARIS<\/span><br \/>\nN\u00b0 Siret 75144794700019 - APE 5610A<\/h5>\n<p>Registered office : 4 RUE DU FAUBOURG MONTMARTRE 75009 PARIS<\/p>\n<div class=\"separator  transparent center\" style=\"margin-top: 10px;\"><\/div>\n\n<h5><strong>Director of the publication<\/strong><\/h5>\n<p>Christine Combettes<br \/>\nRESTAURANT \"La Cr\u00e8me de Paris<\/p>\n<div class=\"separator  transparent center\" style=\"margin-top: 10px;\"><\/div>\n\n<h5><strong>Host<\/strong><\/h5>\n<p><strong>OVH France<\/strong><br \/>\nSAS with a capital of \u20ac10,069,020<br \/>\nRCS Lille M\u00e9tropole 424 761 419 00045<br \/>\nAPE code 2620Z<br \/>\nVAT NUMBER: FR 22 424 761 419<br \/>\nHead office: 2 rue Kellermann - 59100 Roubaix - France<\/p>\n<div class=\"separator  transparent center\" style=\"margin-top: 10px;\"><\/div>\n\n<h5><strong>Photographer<\/strong><\/h5>\n<p><a href=\"http:\/\/emiliealbert.fr\/\" target=\"_blank\" rel=\"noopener\">Emilie Albert<\/a><\/p>\n<div class=\"separator  transparent center\" style=\"margin-top: 10px;\"><\/div>\n\n<h5><strong>Webdesigner<\/strong><\/h5>\n<p>Picturgency<\/p>\n<p><a href=\"https:\/\/picturgency.com\" target=\"_blank\" rel=\"noopener\">www.picturgency.com<\/a><\/p>\n\n\t\t<\/div> \n\t<\/div> <div class=\"separator  transparent\" style=\"margin-top: 50px;\"><\/div>\n<\/div><\/div><\/div><div class=\"wpb_column vc_column_container vc_col-sm-6 vc_col-has-fill\"><div class=\"vc_column-inner vc_custom_1519462700502\"><div class=\"wpb_wrapper\">\n\t<div class=\"wpb_text_column wpb_content_element\">\n\t\t<div class=\"wpb_wrapper\">\n\t\t\t<h4>TERMS AND CONDITIONS OF USE<\/h4>\n<p>Access to the www.lacremedeparis.com website implies acceptance of these General Conditions of Use.<\/p>\n<div class=\"separator  transparent center\" style=\"margin-top: 10px;\"><\/div>\n\n<h4>Intellectual property rights<\/h4>\n<div class=\"separator  transparent center\" style=\"margin-top: 5px;\"><\/div>\n\n<h5><strong>1. Copyright<\/strong><\/h5>\n<p>The website www.lacremedeparis.com constitutes an intellectual creation of which the restaurant \"La Cr\u00e8me de Paris\" is the author within the meaning of Articles L. 111.1 et seq. of the Intellectual Property Code.<\/p>\n<div class=\"separator  transparent center\" style=\"margin-top: 5px;\"><\/div>\n\n<p>All elements available on the www.lacremedeparis.com website, including photographs, texts, slogans, drawings, images, animated sequences with or without sound, as well as all intellectual creations integrated into the www.lacremedeparis.com website, are the property of the \"La Cr\u00e8me de Paris\" restaurant, with the exception of the instagram photo galleries of our customers posted on this social network and collected by means of an automated flow from instagram #lacremedeparis.<\/p>\n<div class=\"separator  transparent center\" style=\"margin-top: 5px;\"><\/div>\n\n<p>Any reproduction, representation, use, adaptation or modification, by any process whatsoever and on any medium whatsoever, of all or part of the site www.lacremedeparis.com, without having obtained the prior authorisation of the restaurant \"La Cr\u00e8me de Paris\" is strictly forbidden and constitutes an infringement of copyright.<\/p>\n<div class=\"separator  transparent center\" style=\"margin-top: 5px;\"><\/div>\n\n<p>However, bloggers and journalists are allowed to take screenshots for their articles about our restaurant \"La Cr\u00e8me de Paris\".<\/p>\n<div class=\"separator  transparent center\" style=\"margin-top: 10px;\"><\/div>\n\n<h5><strong>2. Trademark rights<\/strong><\/h5>\n<p>The name \"La Cr\u00e8me de Paris\" and the logo \"La Cr\u00e8me de Paris\" are registered trademarks of the restaurant \"La Cr\u00e8me de Paris\".<\/p>\n<div class=\"separator  transparent center\" style=\"margin-top: 5px;\"><\/div>\n\n<p>The reproduction, representation, use, adaptation or modification of these trademarks without the prior authorisation of the restaurant \"La Cr\u00e8me de Paris\" is strictly forbidden and constitutes an infringement of copyright.<\/p>\n<div class=\"separator  transparent center\" style=\"margin-top: 10px;\"><\/div>\n\n<h5><strong>3. Liability<\/strong><\/h5>\n<p>The restaurant \"La Cr\u00e8me de Paris\" cannot be held responsible for any direct or indirect damage, in particular material damage, loss of data, or financial damage that may result from the connection to or use of the website www.lacremedeparis.com or the information contained therein.<\/p>\n<div class=\"separator  transparent center\" style=\"margin-top: 10px;\"><\/div>\n\n<h5><strong>4. Compliance with regulations and ethics<\/strong><\/h5>\n<p>The website www.lacremedeparis.com is operated by the restaurant \"La Cr\u00e8me de Paris\" whose registered office is in France and these General Conditions of Use are subject to French law.<\/p>\n<div class=\"separator  transparent center\" style=\"margin-top: 5px;\"><\/div>\n\n<p>Internet users connecting to the www.lacremedeparis.com site from countries other than France must ensure that they comply with the laws applicable to these countries.<\/p>\n<div class=\"separator  transparent center\" style=\"margin-top: 5px;\"><\/div>\n\n<p>The restaurant \"La Cr\u00e8me de Paris\" reserves the right to modify and update at any time the present legal notice and General Conditions of Use, it being specified that the modification and updating of the General Conditions of Use are binding as soon as they are put online.<\/p>\n\n\t\t<\/div> \n\t<\/div> <div class=\"separator  transparent\" style=\"margin-top: 20px;\"><\/div>\n<\/div><\/div><\/div><\/div><\/div><div      class=\"vc_row wpb_row section vc_row-fluid\" style=' text-align:left;'><div class=\"full_section_inner clearfix\"><div class=\"wpb_column vc_column_container vc_col-sm-12\"><div class=\"vc_column-inner\"><div class=\"wpb_wrapper\"><div class=\"separator  transparent\" style=\"margin-top: 50px;\"><\/div>\n<\/div><\/div><\/div><\/div><\/div>{:}{:en}<div      class=\"vc_row wpb_row section vc_row-fluid\" style=' text-align:left;'><div class=\"full_section_inner clearfix\"><div class=\"wpb_column vc_column_container vc_col-sm-12\"><div class=\"vc_column-inner\"><div class=\"wpb_wrapper\"><div class=\"separator  transparent\" style=\"margin-top: 110px;\"><\/div>\n<\/div><\/div><\/div><\/div><\/div><div      class=\"vc_row wpb_row section vc_row-fluid\" style=' text-align:left;'><div class=\"full_section_inner clearfix\"><div class=\"wpb_column vc_column_container vc_col-sm-6 vc_col-has-fill\"><div class=\"vc_column-inner vc_custom_1519462687529\"><div class=\"wpb_wrapper\">\n\t<div class=\"wpb_text_column wpb_content_element\">\n\t\t<div class=\"wpb_wrapper\">\n\t\t\t<h4>LEGAL INFO<\/h4>\n<h5>CHRISTEPH SARL CAPITAL OF 1000 euros<\/h5>\n<h5><span class=\"ficheNumSiren\">751 447 947<\/span> <span class=\"ficheStatut\">R.C.S.<\/span> <span class=\"ficheGreffeNom top\">PARIS<\/span><br \/>\nSiret N\u00b0 75144794700019 - APE 5610A<\/h5>\n<p>Registred office : 4 RUE DU FAUBOURG MONTMARTRE 75009 PARIS<\/p>\n<h5><strong>Publication Director<\/strong><\/h5>\n<p>Christine Combettes<br \/>\nRESTAURANT \"La Cr\u00e8me de Paris<\/p>\n<h5><\/h5>\n<h5><strong>Host<\/strong><\/h5>\n<p><strong>OVH France<\/strong><br \/>\nSAS capital of 10 069 020 \u20ac.<br \/>\nRCS Lille M\u00e9tropole 424 761 419 00045<br \/>\nAPE code 2620Z<br \/>\nVAT NUMBER: FR 22 424 761 419<br \/>\nRegistred office : 2 rue Kellermann - 59100 Roubaix - France<\/p>\n<h5><strong>Photographer<\/strong><\/h5>\n<p><a href=\"http:\/\/emiliealbert.fr\/\" target=\"_blank\" rel=\"noopener\">Emilie Albert<\/a><\/p>\n<h5><strong>Webdesigner<\/strong><\/h5>\n<p>Picturgency<\/p>\n<p><a href=\"https:\/\/picturgency.com\" target=\"_blank\" rel=\"noopener\">www.picturgency.com<\/a><\/p>\n\n\t\t<\/div> \n\t<\/div> <div class=\"separator  transparent\" style=\"margin-top: 50px;\"><\/div>\n<\/div><\/div><\/div><div class=\"wpb_column vc_column_container vc_col-sm-6 vc_col-has-fill\"><div class=\"vc_column-inner vc_custom_1519462700502\"><div class=\"wpb_wrapper\">\n\t<div class=\"wpb_text_column wpb_content_element\">\n\t\t<div class=\"wpb_wrapper\">\n\t\t\t<h4>GENERAL TERMS<\/h4>\n<p>Access to the site www.lacremedeparis.com implies acceptance of these Terms of Use.<\/p>\n<div class=\"separator  transparent center\" style=\"margin-top: 15px;\"><\/div>\n\n<h4>Intellectual property rights<\/h4>\n<div class=\"separator  transparent center\" style=\"margin-top: 5px;\"><\/div>\n\n<h5><strong>1. Copyrights<\/strong><\/h5>\n<p>The Site www.lacremedeparis.com is an intellectual creation whose restaurant \" La Cr\u00e8me de Paris \" is the author within the meaning of articles L. 111.1 and following of the Code of intellectual property.<\/p>\n<div class=\"separator  transparent center\" style=\"margin-top: 5px;\"><\/div>\n\n<p>All the elements available on the Site www.lacremedeparis.com including photographs, texts, slogans, drawings, images, animated sequences sound or not and all intellectual creations integrated into the site www.lacremedeparis.com are the property of restaurant \" La Cr\u00e8me de Paris \" with the exception of instagram photo galleries of our customers posted on this social network and collected by automated stream from instagram #lacremedeparis.<\/p>\n<div class=\"separator  transparent center\" style=\"margin-top: 5px;\"><\/div>\n\n<p>Any reproduction, representation, use, adaptation or modification, by any process whatsoever and on any medium whatsoever, of all or part of the site www.lacremedeparis.com, without having obtained the prior authorization of the restaurant \" La Cr\u00e8me de Paris \" is strictly prohibited and constitutes a forgery offense.<\/p>\n<div class=\"separator  transparent center\" style=\"margin-top: 5px;\"><\/div>\n\n<p>However, bloggers and journalists are allowed to take screenshots for their articles on our restaurant \"La Cr\u00e8me de Paris\".<\/p>\n<div class=\"separator  transparent center\" style=\"margin-top: 10px;\"><\/div>\n\n<h5><strong>2. Trademark rights<\/strong><\/h5>\n<p>The appellation \" La Cr\u00e8me de Paris \", the logo \" La Cr\u00e8me de Paris \", are trademarks of the restaurant \" La Cr\u00e8me de Paris \".<\/p>\n<div class=\"separator  transparent center\" style=\"margin-top: 5px;\"><\/div>\n\n<p>The reproduction, representation, use, adaptation or modification of these brand without prior authorization from the restaurant \" La Cr\u00e8me de Paris \" is strictly prohibited and constitutes a forgery offense.<\/p>\n<div class=\"separator  transparent center\" style=\"margin-top: 10px;\"><\/div>\n\n<h5><\/h5>\n<h5><strong>3. Responsibility<\/strong><\/h5>\n<p>The restaurant \" La Cr\u00e8me de Paris \" can not be held responsible for direct and indirect damages and especially material damage, loss of data, financial loss that could result from the connection or use of the site www.lacremedeparis.com or information therein contained.<\/p>\n<div class=\"separator  transparent center\" style=\"margin-top: 10px;\"><\/div>\n\n<h5><strong>4. Compliance with regulations and ethics<\/strong><\/h5>\n<p>The site www.lacremedeparis.com is operated by the restaurant \" La Cr\u00e8me de Paris \" whose head office is in France and these Terms are subject to French law.<\/p>\n<div class=\"separator  transparent center\" style=\"margin-top: 5px;\"><\/div>\n\n<p>Users connecting to the www.lacremedeparis.com website from countries other than France must ensure compliance with the laws applicable to these countries.<\/p>\n<div class=\"separator  transparent center\" style=\"margin-top: 5px;\"><\/div>\n\n<p>The restaurant \" La Cr\u00e8me de Paris \" reserves the right to modify and update at any time the present Legal infos and Terms.<\/p>\n\n\t\t<\/div> \n\t<\/div> <div class=\"separator  transparent\" style=\"margin-top: 20px;\"><\/div>\n<\/div><\/div><\/div><\/div><\/div><div      class=\"vc_row wpb_row section vc_row-fluid\" style=' text-align:left;'><div class=\"full_section_inner clearfix\"><div class=\"wpb_column vc_column_container vc_col-sm-12\"><div class=\"vc_column-inner\"><div class=\"wpb_wrapper\"><div class=\"separator  transparent\" style=\"margin-top: 50px;\"><\/div>\n<\/div><\/div><\/div><\/div><\/div>{:}{:es}<div      class=\"vc_row wpb_row section vc_row-fluid\" style=' text-align:left;'><div class=\"full_section_inner clearfix\"><div class=\"wpb_column vc_column_container vc_col-sm-12\"><div class=\"vc_column-inner\"><div class=\"wpb_wrapper\"><div class=\"separator  transparent\" style=\"margin-top: 110px;\"><\/div>\n<\/div><\/div><\/div><\/div><\/div><div      class=\"vc_row wpb_row section vc_row-fluid\" style=' text-align:left;'><div class=\"full_section_inner clearfix\"><div class=\"wpb_column vc_column_container vc_col-sm-6 vc_col-has-fill\"><div class=\"vc_column-inner vc_custom_1519462687529\"><div class=\"wpb_wrapper\">\n\t<div class=\"wpb_text_column wpb_content_element\">\n\t\t<div class=\"wpb_wrapper\">\n\t\t\t<h4>LEGAL NOTES<\/h4>\n<h5>CHRISTEPH SARL AU CAPITAL DE 1000 euros<\/h5>\n<h5><span class=\"ficheNumSiren\">751 447 947<\/span> <span class=\"ficheStatut\">R.C.S.<\/span> <span class=\"ficheGreffeNom top\">PARIS<\/span><br \/>\nN\u00b0 Siret 75144794700019 - APE 5610A<\/h5>\n<p>Oficinas centrales : 4 RUE DU FAUBOURG MONTMARTRE 75009 PARIS<\/p>\n<div class=\"separator  transparent center\" style=\"margin-top: 10px;\"><\/div>\n\n<h5><strong>Director de publicaciones<\/strong><\/h5>\n<p>Christine Combettes<br \/>\nRESTAURANT \"La Cr\u00e8me de Paris<\/p>\n<div class=\"separator  transparent center\" style=\"margin-top: 10px;\"><\/div>\n\n<h5><strong>Hoster<\/strong><\/h5>\n<p><strong>OVH France<\/strong><br \/>\nSAS al capital of \u20ac 10 069 020<br \/>\nRCS Lille M\u00e9tropole 424 761 419 00045<br \/>\nAPE code 2620Z<br \/>\nVAT NUMBER: FR 22 424 761 419<br \/>\nMain office : 2 rue Kellermann - 59100 Roubaix - France<\/p>\n<div class=\"separator  transparent center\" style=\"margin-top: 10px;\"><\/div>\n\n<h5><strong>Fot\u00f3grafa<\/strong><\/h5>\n<p><a href=\"http:\/\/emiliealbert.fr\/\" target=\"_blank\" rel=\"noopener\">Emilie Albert<\/a><\/p>\n<div class=\"separator  transparent center\" style=\"margin-top: 10px;\"><\/div>\n\n<h5><strong>Webdesigner<\/strong><\/h5>\n<p>Picturgency<\/p>\n<p><a href=\"https:\/\/picturgency.com\" target=\"_blank\" rel=\"noopener\">www.picturgency.com<\/a><\/p>\n\n\t\t<\/div> \n\t<\/div> <div class=\"separator  transparent\" style=\"margin-top: 50px;\"><\/div>\n<\/div><\/div><\/div><div class=\"wpb_column vc_column_container vc_col-sm-6 vc_col-has-fill\"><div class=\"vc_column-inner vc_custom_1519462700502\"><div class=\"wpb_wrapper\">\n\t<div class=\"wpb_text_column wpb_content_element\">\n\t\t<div class=\"wpb_wrapper\">\n\t\t\t<h4>GENERAL CONDITIONS OF USE<\/h4>\n<p>Access to the www.lacremedeparis.com website implies acceptance of these terms of use.<br \/>\n<div class=\"separator  transparent center\" style=\"margin-top: 10px;\"><\/div>\n<h4>Derechos de propiedad intelectual<\/h4>\n<div class=\"separator  transparent center\" style=\"margin-top: 5px;\"><\/div>\n\n<h5><strong>1. Derechos de autor<\/strong><\/h5>\n<p>El Sitio www.lacremedeparis.com es una creaci\u00f3n intelectual cuyo restaurante \" La Cr\u00e8me de Paris \" es el autor en el sentido de los art\u00edculos L. 111.1 y siguientes del C\u00f3digo de propiedad intelectual.<br \/>\n<div class=\"separator  transparent center\" style=\"margin-top: 5px;\"><\/div>\n<br \/>\nTodos los elementos disponibles en el Sitio www.lacremedeparis.com incluyendo fotograf\u00edas, textos, lemas, dibujos, im\u00e1genes, secuencias animadas sonoras o no y todas las creaciones intelectuales integradas en el sitio www.lacremedeparis.com is the property of the restaurant \"La Cr\u00e8me de Paris\", except for the galleries of instagram photos of our customers publicized on this social network and copied by the automated instagram stream #lacremedeparis.<br \/>\n<div class=\"separator  transparent center\" style=\"margin-top: 5px;\"><\/div>\n<br \/>\nCualquier reproducci\u00f3n, representaci\u00f3n, uso, adaptaci\u00f3n o modificaci\u00f3n, por cualquier proceso y en cualquier medio, de todo o parte del sitio www.lacremedeparis.com, sin haber obtenido la autorizaci\u00f3n previa del restaurante \" La Cr\u00e8me de Paris \" est\u00e1 estrictamente prohibido y constituye una ofensa de falsificaci\u00f3n.<br \/>\n<div class=\"separator  transparent center\" style=\"margin-top: 5px;\"><\/div>\n<br \/>\nSin embargo, bloggers and periodistas pueden tomar capturas de pantalla para sus art\u00edculos sobre nuestro restaurante \"La Cr\u00e8me de Paris\".<br \/>\n<div class=\"separator  transparent center\" style=\"margin-top: 10px;\"><\/div>\n<h5><strong>2. Derechos de marca registrada<\/strong><\/h5>\n<p>The name \"La Cr\u00e8me de Paris\" and the logo \"La Cr\u00e8me de Paris\" are registered trademarks of the restaurant \"La Cr\u00e8me de Paris\".<br \/>\n<div class=\"separator  transparent center\" style=\"margin-top: 5px;\"><\/div>\n<br \/>\nThe name \"La Cr\u00e8me de Paris\" and the logo \"La Cr\u00e8me de Paris\" are registered trademarks of the restaurant \"La Cr\u00e8me de Paris\".<br \/>\nThe reproduction, representation, use, adaptation or modification of these trademarks without the prior consent of the restaurante \"La Cr\u00e8me de Paris\" is strictly prohibited and constitutes a forgery.<br \/>\n<div class=\"separator  transparent center\" style=\"margin-top: 10px;\"><\/div>\n<h5><strong>3. Responsabilidad<\/strong><\/h5>\n<p>El restaurante \" La Cr\u00e8me de Paris \" no se hace responsable de los da\u00f1os directos e indirectos y, especialmente, del da\u00f1o material, la p\u00e9rdida de datos, las p\u00e9rdidas financieras que pudieran derivarse de la conexi\u00f3n o el uso del sitio www.lacremedeparis.com o la informaci\u00f3n que contiene.<br \/>\n<div class=\"separator  transparent center\" style=\"margin-top: 10px;\"><\/div>\n<h5><strong>4. Compliance with the standards and the law<\/strong><\/h5>\n<p>El sitio www.lacremedeparis.com es operado por el restaurante \" La Cr\u00e8me de Paris \" cuya sede se encuentra en Francia y estos T\u00e9rminos de uso est\u00e1n sujetos a la legislaci\u00f3n francesa.<br \/>\n<div class=\"separator  transparent center\" style=\"margin-top: 5px;\"><\/div>\n<br \/>\nUsers who connect to the www.lacremedeparis.com website from countries other than France must guarantee compliance with the laws applicable to those countries.<br \/>\n<div class=\"separator  transparent center\" style=\"margin-top: 5px;\"><\/div>\n<br \/>\nEl restaurante \" La Cr\u00e8me de Paris \" se reserva el derecho de modificar y actualizar en cualquier momento los avisos legales y las Condiciones Generales de Uso, especificando que la modificaci\u00f3n y actualizaci\u00f3n de los T\u00e9rminos Generales de Uso se requiere tan pronto como sea posible y se aplica desde que le ponemos en l\u00ednea.<\/p>\n\n\t\t<\/div> \n\t<\/div> <div class=\"separator  transparent\" style=\"margin-top: 20px;\"><\/div>\n<\/div><\/div><\/div><\/div><\/div><div      class=\"vc_row wpb_row section vc_row-fluid\" style=' text-align:left;'><div class=\"full_section_inner clearfix\"><div class=\"wpb_column vc_column_container vc_col-sm-12\"><div class=\"vc_column-inner\"><div class=\"wpb_wrapper\"><div class=\"separator  transparent\" style=\"margin-top: 50px;\"><\/div>\n<\/div><\/div><\/div><\/div><\/div>{:}<\/p>\n<\/div>","protected":false},"excerpt":{"rendered":"<p>{:fr}{:}{:en}{:}{:es}{:}<\/p>","protected":false},"author":1,"featured_media":0,"parent":0,"menu_order":0,"comment_status":"closed","ping_status":"closed","template":"","meta":[],"_links":{"self":[{"href":"https:\/\/www.lacremedeparis.com\/en\/wp-json\/wp\/v2\/pages\/1281"}],"collection":[{"href":"https:\/\/www.lacremedeparis.com\/en\/wp-json\/wp\/v2\/pages"}],"about":[{"href":"https:\/\/www.lacremedeparis.com\/en\/wp-json\/wp\/v2\/types\/page"}],"author":[{"embeddable":true,"href":"https:\/\/www.lacremedeparis.com\/en\/wp-json\/wp\/v2\/users\/1"}],"replies":[{"embeddable":true,"href":"https:\/\/www.lacremedeparis.com\/en\/wp-json\/wp\/v2\/comments?post=1281"}],"version-history":[{"count":26,"href":"https:\/\/www.lacremedeparis.com\/en\/wp-json\/wp\/v2\/pages\/1281\/revisions"}],"predecessor-version":[{"id":2081,"href":"https:\/\/www.lacremedeparis.com\/en\/wp-json\/wp\/v2\/pages\/1281\/revisions\/2081"}],"wp:attachment":[{"href":"https:\/\/www.lacremedeparis.com\/en\/wp-json\/wp\/v2\/media?parent=1281"}],"curies":[{"name":"wp","href":"https:\/\/api.w.org\/{rel}","templated":true}]}}