{"id":1281,"date":"2018-02-24T09:28:37","date_gmt":"2018-02-24T08:28:37","guid":{"rendered":"https:\/\/www.lacremedeparis.com\/?page_id=1281"},"modified":"2021-10-19T20:01:40","modified_gmt":"2021-10-19T18:01:40","slug":"mentions-legales","status":"publish","type":"page","link":"https:\/\/www.lacremedeparis.com\/de\/mentions-legales\/","title":{"rendered":"Rechtliche Hinweise &amp; Nutzungsbedingungen"},"content":{"rendered":"<div class=\"wpb-content-wrapper\"><p>{:de}<div      class=\"vc_row wpb_row section vc_row-fluid\" style=' text-align:left;'><div class=\"full_section_inner clearfix\"><div class=\"wpb_column vc_column_container vc_col-sm-12\"><div class=\"vc_column-inner\"><div class=\"wpb_wrapper\"><div class=\"separator  transparent\" style=\"margin-top: 110px;\"><\/div>\n<\/div><\/div><\/div><\/div><\/div><div      class=\"vc_row wpb_row section vc_row-fluid\" style=' text-align:left;'><div class=\"full_section_inner clearfix\"><div class=\"wpb_column vc_column_container vc_col-sm-6 vc_col-has-fill\"><div class=\"vc_column-inner vc_custom_1519462687529\"><div class=\"wpb_wrapper\">\n\t<div class=\"wpb_text_column wpb_content_element\">\n\t\t<div class=\"wpb_wrapper\">\n\t\t\t<h4>RECHTSMITTEILUNGEN<\/h4>\n<h5>CHRISTEPH SARL AU CAPITAL DE 1000 euros<\/h5>\n<h5><span class=\"ficheNumSiren\">751 447 947<\/span> \u00a0<span class=\"ficheStatut\">R.C.S.<\/span>\u00a0<span class=\"ficheGreffeNom top\">PARIS<\/span><br \/>\nNr. Siret 75144794700019 - APE 5610A<\/h5>\n<p>Eingetragener Sitz : 4 RUE DU FAUBOURG MONTMARTRE 75009 PARIS<\/p>\n<div class=\"separator  transparent center\" style=\"margin-top: 10px;\"><\/div>\n\n<h5><strong>Direktor der Ver\u00f6ffentlichung<\/strong><\/h5>\n<p>Christine Combettes<br \/>\nRESTAURANT \"La Cr\u00e8me de Paris<\/p>\n<div class=\"separator  transparent center\" style=\"margin-top: 10px;\"><\/div>\n\n<h5><strong>Gastgeber<\/strong><\/h5>\n<p><strong>OVH Frankreich<\/strong><br \/>\nSAS mit einem Kapital von 10.069.020 \u20ac.<br \/>\nRCS Lille M\u00e9tropole 424 761 419 00045<br \/>\nAPE-Code 2620Z<br \/>\nMEHRWERTSTEUER-NUMMER: FR 22 424 761 419<br \/>\nHauptsitz: 2 rue Kellermann - 59100 Roubaix - Frankreich<\/p>\n<div class=\"separator  transparent center\" style=\"margin-top: 10px;\"><\/div>\n\n<h5><strong>Fotograf<\/strong><\/h5>\n<p><a href=\"http:\/\/emiliealbert.fr\/\" target=\"_blank\" rel=\"noopener\">Emilie Albert<\/a><\/p>\n<div class=\"separator  transparent center\" style=\"margin-top: 10px;\"><\/div>\n\n<h5><strong>Webdesigner<\/strong><\/h5>\n<p>Aufstandsbek\u00e4mpfung<\/p>\n<p><a href=\"https:\/\/picturgency.com\" target=\"_blank\" rel=\"noopener\">www.picturgency.com<\/a><\/p>\n\n\t\t<\/div> \n\t<\/div> <div class=\"separator  transparent\" style=\"margin-top: 50px;\"><\/div>\n<\/div><\/div><\/div><div class=\"wpb_column vc_column_container vc_col-sm-6 vc_col-has-fill\"><div class=\"vc_column-inner vc_custom_1519462700502\"><div class=\"wpb_wrapper\">\n\t<div class=\"wpb_text_column wpb_content_element\">\n\t\t<div class=\"wpb_wrapper\">\n\t\t\t<h4>NUTZUNGSBESTIMMUNGEN UND -BEDINGUNGEN<\/h4>\n<p>Der Zugriff auf die Website www.lacremedeparis.com setzt die Zustimmung zu diesen Allgemeinen Nutzungsbedingungen voraus.<\/p>\n<div class=\"separator  transparent center\" style=\"margin-top: 10px;\"><\/div>\n\n<h4>Rechte an geistigem Eigentum<\/h4>\n<div class=\"separator  transparent center\" style=\"margin-top: 5px;\"><\/div>\n\n<h5><strong>1. Urheberrecht<\/strong><\/h5>\n<p>Die Website www.lacremedeparis.com stellt eine geistige Sch\u00f6pfung dar, deren Urheber das Restaurant \"La Cr\u00e8me de Paris\" im Sinne der Artikel L. 111.1 ff. des Gesetzes \u00fcber das geistige Eigentum ist.<\/p>\n<div class=\"separator  transparent center\" style=\"margin-top: 5px;\"><\/div>\n\n<p>Alle auf der Website www.lacremedeparis.com verf\u00fcgbaren Elemente, darunter Fotos, Texte, Slogans, Zeichnungen, Bilder, animierte Sequenzen mit oder ohne Ton sowie alle geistigen Sch\u00f6pfungen, die in die Website www.lacremedeparis.com integriert sind, sind Eigentum des Restaurants \"La Cr\u00e8me de Paris\", mit Ausnahme der Instagram-Fotogalerien unserer Kunden, die in diesem sozialen Netzwerk gepostet und mittels eines automatisierten Flusses von Instagram #lacremedeparis gesammelt wurden.<\/p>\n<div class=\"separator  transparent center\" style=\"margin-top: 5px;\"><\/div>\n\n<p>Jegliche Vervielf\u00e4ltigung, Darstellung, Nutzung, Anpassung oder \u00c4nderung der gesamten Website www.lacremedeparis.com oder eines Teils davon ohne vorherige Genehmigung des Restaurants \"La Cr\u00e8me de Paris\" ist strengstens untersagt und stellt eine Verletzung des Urheberrechts dar.<\/p>\n<div class=\"separator  transparent center\" style=\"margin-top: 5px;\"><\/div>\n\n<p>Blogger und Journalisten d\u00fcrfen jedoch Screenshots f\u00fcr ihre Artikel \u00fcber unser Restaurant \"La Cr\u00e8me de Paris\" machen.<\/p>\n<div class=\"separator  transparent center\" style=\"margin-top: 10px;\"><\/div>\n\n<h5><strong>2. Rechte an Markenzeichen<\/strong><\/h5>\n<p>Der Name \"La Cr\u00e8me de Paris\" und das Logo \"La Cr\u00e8me de Paris\" sind eingetragene Marken des Restaurants \"La Cr\u00e8me de Paris\".<\/p>\n<div class=\"separator  transparent center\" style=\"margin-top: 5px;\"><\/div>\n\n<p>Die Vervielf\u00e4ltigung, Darstellung, Verwendung, Anpassung oder \u00c4nderung dieser Marken ohne vorherige Genehmigung des Restaurants \"La Cr\u00e8me de Paris\" ist strengstens untersagt und stellt eine Verletzung des Urheberrechts dar.<\/p>\n<div class=\"separator  transparent center\" style=\"margin-top: 10px;\"><\/div>\n\n<h5><strong>3. Haftung<\/strong><\/h5>\n<p>Das Restaurant \"La Cr\u00e8me de Paris\" haftet nicht f\u00fcr direkte oder indirekte Sch\u00e4den, insbesondere nicht f\u00fcr materielle Sch\u00e4den, Datenverluste oder finanzielle Sch\u00e4den, die sich aus der Verbindung oder der Nutzung der Website www.lacremedeparis.com oder der darin enthaltenen Informationen ergeben k\u00f6nnen.<\/p>\n<div class=\"separator  transparent center\" style=\"margin-top: 10px;\"><\/div>\n\n<h5><strong>4. Einhaltung von Vorschriften und ethischen Grunds\u00e4tzen<\/strong><\/h5>\n<p>Die Website www.lacremedeparis.com wird vom Restaurant \"La Cr\u00e8me de Paris\" mit Sitz in Frankreich betrieben und die vorliegenden Allgemeinen Nutzungsbedingungen unterliegen franz\u00f6sischem Recht.<\/p>\n<div class=\"separator  transparent center\" style=\"margin-top: 5px;\"><\/div>\n\n<p>Internetnutzer, die sich von anderen L\u00e4ndern als Frankreich aus mit der Website www.lacremedeparis.com verbinden, m\u00fcssen sich vergewissern, dass sie die f\u00fcr diese L\u00e4nder geltenden Gesetze einhalten.<\/p>\n<div class=\"separator  transparent center\" style=\"margin-top: 5px;\"><\/div>\n\n<p>Das Restaurant \"La Cr\u00e8me de Paris\" beh\u00e4lt sich das Recht vor, den vorliegenden rechtlichen Hinweis und die Allgemeinen Nutzungsbedingungen jederzeit zu \u00e4ndern und zu aktualisieren, wobei die \u00c4nderungen und Aktualisierungen der Allgemeinen Nutzungsbedingungen verbindlich sind, sobald sie online gestellt werden.<\/p>\n\n\t\t<\/div> \n\t<\/div> <div class=\"separator  transparent\" style=\"margin-top: 20px;\"><\/div>\n<\/div><\/div><\/div><\/div><\/div><div      class=\"vc_row wpb_row section vc_row-fluid\" style=' text-align:left;'><div class=\"full_section_inner clearfix\"><div class=\"wpb_column vc_column_container vc_col-sm-12\"><div class=\"vc_column-inner\"><div class=\"wpb_wrapper\"><div class=\"separator  transparent\" style=\"margin-top: 50px;\"><\/div>\n<\/div><\/div><\/div><\/div><\/div>{:}{:de}<div      class=\"vc_row wpb_row section vc_row-fluid\" style=' text-align:left;'><div class=\"full_section_inner clearfix\"><div class=\"wpb_column vc_column_container vc_col-sm-12\"><div class=\"vc_column-inner\"><div class=\"wpb_wrapper\"><div class=\"separator  transparent\" style=\"margin-top: 110px;\"><\/div>\n<\/div><\/div><\/div><\/div><\/div><div      class=\"vc_row wpb_row section vc_row-fluid\" style=' text-align:left;'><div class=\"full_section_inner clearfix\"><div class=\"wpb_column vc_column_container vc_col-sm-6 vc_col-has-fill\"><div class=\"vc_column-inner vc_custom_1519462687529\"><div class=\"wpb_wrapper\">\n\t<div class=\"wpb_text_column wpb_content_element\">\n\t\t<div class=\"wpb_wrapper\">\n\t\t\t<h4>RECHTLICHE INFO<\/h4>\n<h5>CHRISTEPH SARL KAPITAL VON 1000 Euro<\/h5>\n<h5><span class=\"ficheNumSiren\">751 447 947<\/span> <span class=\"ficheStatut\">R.C.S.<\/span> <span class=\"ficheGreffeNom top\">PARIS<\/span><br \/>\nSiret N\u00b0 75144794700019 - APE 5610A<\/h5>\n<p>Eingetragener Firmensitz : 4 RUE DU FAUBOURG MONTMARTRE 75009 PARIS<\/p>\n<h5><strong>Direktor der Ver\u00f6ffentlichung<\/strong><\/h5>\n<p>Christine Combettes<br \/>\nRESTAURANT \"La Cr\u00e8me de Paris<\/p>\n<h5><\/h5>\n<h5><strong>Gastgeber<\/strong><\/h5>\n<p><strong>OVH Frankreich<\/strong><br \/>\nSAS-Kapital von 10 069 020 \u20ac.<br \/>\nRCS Lille M\u00e9tropole 424 761 419 00045<br \/>\nAPE-Code 2620Z<br \/>\nMEHRWERTSTEUER-NUMMER: FR 22 424 761 419<br \/>\nRegistrierter Sitz : 2 rue Kellermann - 59100 Roubaix - Frankreich<\/p>\n<h5><strong>Fotograf<\/strong><\/h5>\n<p><a href=\"http:\/\/emiliealbert.fr\/\" target=\"_blank\" rel=\"noopener\">Emilie Albert<\/a><\/p>\n<h5><strong>Webdesigner<\/strong><\/h5>\n<p>Aufstandsbek\u00e4mpfung<\/p>\n<p><a href=\"https:\/\/picturgency.com\" target=\"_blank\" rel=\"noopener\">www.picturgency.com<\/a><\/p>\n\n\t\t<\/div> \n\t<\/div> <div class=\"separator  transparent\" style=\"margin-top: 50px;\"><\/div>\n<\/div><\/div><\/div><div class=\"wpb_column vc_column_container vc_col-sm-6 vc_col-has-fill\"><div class=\"vc_column-inner vc_custom_1519462700502\"><div class=\"wpb_wrapper\">\n\t<div class=\"wpb_text_column wpb_content_element\">\n\t\t<div class=\"wpb_wrapper\">\n\t\t\t<h4>ALLGEMEINE BEDINGUNGEN<\/h4>\n<p>Der Zugriff auf die Website www.lacremedeparis.com setzt die Zustimmung zu diesen Nutzungsbedingungen voraus.<\/p>\n<div class=\"separator  transparent center\" style=\"margin-top: 15px;\"><\/div>\n\n<h4>Rechte an geistigem Eigentum<\/h4>\n<div class=\"separator  transparent center\" style=\"margin-top: 5px;\"><\/div>\n\n<h5><strong>1. Urheberrechte<\/strong><\/h5>\n<p>Die Website www.lacremedeparis.com ist eine geistige Sch\u00f6pfung, deren Autor das Restaurant \"La Cr\u00e8me de Paris\" im Sinne der Artikel L. 111.1 und folgende des Gesetzes \u00fcber geistiges Eigentum ist.<\/p>\n<div class=\"separator  transparent center\" style=\"margin-top: 5px;\"><\/div>\n\n<p>Alle Elemente, die auf der Website www.lacremedeparis.com verf\u00fcgbar sind, einschlie\u00dflich Fotos, Texte, Slogans, Zeichnungen, Bilder, animierte Sequenzen mit oder ohne Ton und alle geistigen Sch\u00f6pfungen, die in die Website www.lacremedeparis.com integriert sind, sind Eigentum des Restaurants \" La Cr\u00e8me de Paris \", mit Ausnahme der Instagram-Fotogalerien unserer Kunden, die in diesem sozialen Netzwerk gepostet und durch automatisierten Stream von Instagram #lacremedeparis gesammelt werden.<\/p>\n<div class=\"separator  transparent center\" style=\"margin-top: 5px;\"><\/div>\n\n<p>Jegliche Vervielf\u00e4ltigung, Darstellung, Nutzung, Anpassung oder \u00c4nderung der gesamten Website www.lacremedeparis.com oder eines Teils davon ohne vorherige Genehmigung des Restaurants \"La Cr\u00e8me de Paris\" ist strengstens untersagt und stellt eine Straftat dar.<\/p>\n<div class=\"separator  transparent center\" style=\"margin-top: 5px;\"><\/div>\n\n<p>Blogger und Journalisten d\u00fcrfen jedoch Screenshots f\u00fcr ihre Artikel \u00fcber unser Restaurant \"La Cr\u00e8me de Paris\" machen.<\/p>\n<div class=\"separator  transparent center\" style=\"margin-top: 10px;\"><\/div>\n\n<h5><strong>2. Rechte an Markenzeichen<\/strong><\/h5>\n<p>Die Bezeichnung \" La Cr\u00e8me de Paris \" und das Logo \" La Cr\u00e8me de Paris \" sind Marken des Restaurants \" La Cr\u00e8me de Paris \".<\/p>\n<div class=\"separator  transparent center\" style=\"margin-top: 5px;\"><\/div>\n\n<p>Die Vervielf\u00e4ltigung, Darstellung, Verwendung, Anpassung oder \u00c4nderung dieser Marke ohne vorherige Genehmigung durch das Restaurant \"La Cr\u00e8me de Paris\" ist streng verboten und stellt eine F\u00e4lschung dar.<\/p>\n<div class=\"separator  transparent center\" style=\"margin-top: 10px;\"><\/div>\n\n<h5><\/h5>\n<h5><strong>3. Verantwortung<\/strong><\/h5>\n<p>Das Restaurant \"La Cr\u00e8me de Paris\" haftet nicht f\u00fcr direkte oder indirekte Sch\u00e4den, insbesondere nicht f\u00fcr materielle Sch\u00e4den, Datenverluste oder finanzielle Verluste, die durch die Verbindung oder die Nutzung der Website www.lacremedeparis.com oder der darin enthaltenen Informationen entstehen k\u00f6nnten.<\/p>\n<div class=\"separator  transparent center\" style=\"margin-top: 10px;\"><\/div>\n\n<h5><strong>4. Einhaltung von Vorschriften und ethischen Grunds\u00e4tzen<\/strong><\/h5>\n<p>Die Website www.lacremedeparis.com wird vom Restaurant \"La Cr\u00e8me de Paris\" betrieben, dessen Hauptsitz sich in Frankreich befindet, und die vorliegenden Bedingungen unterliegen dem franz\u00f6sischen Recht.<\/p>\n<div class=\"separator  transparent center\" style=\"margin-top: 5px;\"><\/div>\n\n<p>Benutzer, die von anderen L\u00e4ndern als Frankreich aus auf die Website www.lacremedeparis.com zugreifen, m\u00fcssen sich vergewissern, dass sie die f\u00fcr diese L\u00e4nder geltenden Gesetze einhalten.<\/p>\n<div class=\"separator  transparent center\" style=\"margin-top: 5px;\"><\/div>\n\n<p>Das Restaurant \"La Cr\u00e8me de Paris\" beh\u00e4lt sich das Recht vor, die vorliegenden rechtlichen Informationen und Bedingungen jederzeit zu \u00e4ndern und zu aktualisieren.<\/p>\n\n\t\t<\/div> \n\t<\/div> <div class=\"separator  transparent\" style=\"margin-top: 20px;\"><\/div>\n<\/div><\/div><\/div><\/div><\/div><div      class=\"vc_row wpb_row section vc_row-fluid\" style=' text-align:left;'><div class=\"full_section_inner clearfix\"><div class=\"wpb_column vc_column_container vc_col-sm-12\"><div class=\"vc_column-inner\"><div class=\"wpb_wrapper\"><div class=\"separator  transparent\" style=\"margin-top: 50px;\"><\/div>\n<\/div><\/div><\/div><\/div><\/div>{:}{:es}<div      class=\"vc_row wpb_row section vc_row-fluid\" style=' text-align:left;'><div class=\"full_section_inner clearfix\"><div class=\"wpb_column vc_column_container vc_col-sm-12\"><div class=\"vc_column-inner\"><div class=\"wpb_wrapper\"><div class=\"separator  transparent\" style=\"margin-top: 110px;\"><\/div>\n<\/div><\/div><\/div><\/div><\/div><div      class=\"vc_row wpb_row section vc_row-fluid\" style=' text-align:left;'><div class=\"full_section_inner clearfix\"><div class=\"wpb_column vc_column_container vc_col-sm-6 vc_col-has-fill\"><div class=\"vc_column-inner vc_custom_1519462687529\"><div class=\"wpb_wrapper\">\n\t<div class=\"wpb_text_column wpb_content_element\">\n\t\t<div class=\"wpb_wrapper\">\n\t\t\t<h4>RECHTLICHE ANMERKUNGEN<\/h4>\n<h5>CHRISTEPH SARL AU CAPITAL DE 1000 euros<\/h5>\n<h5><span class=\"ficheNumSiren\">751 447 947<\/span> <span class=\"ficheStatut\">R.C.S.<\/span> <span class=\"ficheGreffeNom top\">PARIS<\/span><br \/>\nNr. Siret 75144794700019 - APE 5610A<\/h5>\n<p>Zentrale Dienststellen : 4 RUE DU FAUBOURG MONTMARTRE 75009 PARIS<\/p>\n<div class=\"separator  transparent center\" style=\"margin-top: 10px;\"><\/div>\n\n<h5><strong>Direktor f\u00fcr \u00d6ffentlichkeitsarbeit<\/strong><\/h5>\n<p>Christine Combettes<br \/>\nRESTAURANT \"La Cr\u00e8me de Paris<\/p>\n<div class=\"separator  transparent center\" style=\"margin-top: 10px;\"><\/div>\n\n<h5><strong>Hoster<\/strong><\/h5>\n<p><strong>OVH Frankreich<\/strong><br \/>\nSAS al Kapital von 10 069 020 \u20ac<br \/>\nRCS Lille M\u00e9tropole 424 761 419 00045<br \/>\nAPE-Code 2620Z<br \/>\nMEHRWERTSTEUER-NUMMER: FR 22 424 761 419<br \/>\nHauptsitz : 2 rue Kellermann - 59100 Roubaix - Frankreich<\/p>\n<div class=\"separator  transparent center\" style=\"margin-top: 10px;\"><\/div>\n\n<h5><strong>Fot\u00f3grafa<\/strong><\/h5>\n<p><a href=\"http:\/\/emiliealbert.fr\/\" target=\"_blank\" rel=\"noopener\">Emilie Albert<\/a><\/p>\n<div class=\"separator  transparent center\" style=\"margin-top: 10px;\"><\/div>\n\n<h5><strong>Webdesigner<\/strong><\/h5>\n<p>Aufstandsbek\u00e4mpfung<\/p>\n<p><a href=\"https:\/\/picturgency.com\" target=\"_blank\" rel=\"noopener\">www.picturgency.com<\/a><\/p>\n\n\t\t<\/div> \n\t<\/div> <div class=\"separator  transparent\" style=\"margin-top: 50px;\"><\/div>\n<\/div><\/div><\/div><div class=\"wpb_column vc_column_container vc_col-sm-6 vc_col-has-fill\"><div class=\"vc_column-inner vc_custom_1519462700502\"><div class=\"wpb_wrapper\">\n\t<div class=\"wpb_text_column wpb_content_element\">\n\t\t<div class=\"wpb_wrapper\">\n\t\t\t<h4>ALLGEMEINE NUTZUNGSBEDINGUNGEN<\/h4>\n<p>Der Zugriff auf die Website www.lacremedeparis.com setzt die Zustimmung zu diesen Nutzungsbedingungen voraus.<br \/>\n<div class=\"separator  transparent center\" style=\"margin-top: 10px;\"><\/div>\n<h4>Rechte des geistigen Eigentums (Derechos de propiedad intelectual)<\/h4>\n<div class=\"separator  transparent center\" style=\"margin-top: 5px;\"><\/div>\n\n<h5><strong>1. Rechte des Autors<\/strong><\/h5>\n<p>El Sitio www.lacremedeparis.com ist eine geistige Sch\u00f6pfung, deren Autor das Restaurant \"La Cr\u00e8me de Paris\" im Sinne der Artikel L. 111.1 und folgende des Gesetzes \u00fcber geistiges Eigentum (C\u00f3digo de propiedad intelectual) ist.<br \/>\n<div class=\"separator  transparent center\" style=\"margin-top: 5px;\"><\/div>\n<br \/>\nAlle Elemente, die auf der Website www.lacremedeparis.com zur Verf\u00fcgung stehen, einschlie\u00dflich Fotos, Texte, Texte, Zeichnungen, Bilder, akustische oder nicht akustische Animationen und alle intellektuellen Kreationen, die in die Website www.lacremedeparis integriert sind.com ist Eigentum des Restaurants \"La Cr\u00e8me de Paris\", mit Ausnahme der Galerien von Instagram-Fotos unserer Kunden, die in diesem sozialen Netzwerk ver\u00f6ffentlicht und durch den automatisierten Instagram-Stream #lacremedeparis kopiert werden.<br \/>\n<div class=\"separator  transparent center\" style=\"margin-top: 5px;\"><\/div>\n<br \/>\nJegliche Vervielf\u00e4ltigung, Darstellung, Verwendung, Anpassung oder Ver\u00e4nderung der gesamten oder eines Teils der Website www.lacremedeparis.com in irgendeinem Verfahren und auf irgendeinem Tr\u00e4ger ohne vorherige Genehmigung des Restaurants \"La Cr\u00e8me de Paris\" ist strengstens untersagt und stellt eine F\u00e4lschungsanzeige dar.<br \/>\n<div class=\"separator  transparent center\" style=\"margin-top: 5px;\"><\/div>\n<br \/>\nDennoch k\u00f6nnen Blogger und Journalisten f\u00fcr ihre Artikel \u00fcber unser Restaurant \"La Cr\u00e8me de Paris\" Fotos vom Bildschirm machen.<br \/>\n<div class=\"separator  transparent center\" style=\"margin-top: 10px;\"><\/div>\n<h5><strong>2. Rechte am eingetragenen Warenzeichen<\/strong><\/h5>\n<p>Der Name \"La Cr\u00e8me de Paris\" und das Logo \"La Cr\u00e8me de Paris\" sind eingetragene Marken des Restaurants \"La Cr\u00e8me de Paris\".<br \/>\n<div class=\"separator  transparent center\" style=\"margin-top: 5px;\"><\/div>\n<br \/>\nDer Name \"La Cr\u00e8me de Paris\" und das Logo \"La Cr\u00e8me de Paris\" sind eingetragene Marken des Restaurants \"La Cr\u00e8me de Paris\".<br \/>\nDie Vervielf\u00e4ltigung, Darstellung, Verwendung, Anpassung oder \u00c4nderung dieser Marken ohne die vorherige Zustimmung des Restaurants \"La Cr\u00e8me de Paris\" ist strengstens untersagt und stellt eine F\u00e4lschung dar.<br \/>\n<div class=\"separator  transparent center\" style=\"margin-top: 10px;\"><\/div>\n<h5><strong>3. Verantwortlichkeit<\/strong><\/h5>\n<p>Das Restaurant \"La Cr\u00e8me de Paris\" haftet nicht f\u00fcr direkte und indirekte Sch\u00e4den, insbesondere nicht f\u00fcr materielle Sch\u00e4den, Datenverluste und finanzielle Sch\u00e4den, die durch die Verbindung oder die Nutzung der Website www.lacremedeparis.com oder der darin enthaltenen Informationen entstehen k\u00f6nnten.<br \/>\n<div class=\"separator  transparent center\" style=\"margin-top: 10px;\"><\/div>\n<h5><strong>4. Einhaltung von Normen und Gesetzen<\/strong><\/h5>\n<p>Die Website www.lacremedeparis.com wird von dem Restaurant \"La Cr\u00e8me de Paris\" betrieben, das seinen Sitz in Frankreich hat, und diese Nutzungsbedingungen unterliegen der franz\u00f6sischen Gesetzgebung.<br \/>\n<div class=\"separator  transparent center\" style=\"margin-top: 5px;\"><\/div>\n<br \/>\nBenutzer, die sich von anderen L\u00e4ndern als Frankreich aus mit der Website www.lacremedeparis.com verbinden, m\u00fcssen die Einhaltung der f\u00fcr diese L\u00e4nder geltenden Gesetze garantieren.<br \/>\n<div class=\"separator  transparent center\" style=\"margin-top: 5px;\"><\/div>\n<br \/>\nDas Restaurant \"La Cr\u00e8me de Paris\" beh\u00e4lt sich das Recht vor, die rechtlichen Hinweise und die Allgemeinen Nutzungsbedingungen jederzeit zu \u00e4ndern und zu aktualisieren, wobei die \u00c4nderung und Aktualisierung der Allgemeinen Nutzungsbedingungen so schnell wie m\u00f6glich angefordert werden muss und ab dem Zeitpunkt, an dem wir sie online stellen, gilt.<\/p>\n\n\t\t<\/div> \n\t<\/div> <div class=\"separator  transparent\" style=\"margin-top: 20px;\"><\/div>\n<\/div><\/div><\/div><\/div><\/div><div      class=\"vc_row wpb_row section vc_row-fluid\" style=' text-align:left;'><div class=\"full_section_inner clearfix\"><div class=\"wpb_column vc_column_container vc_col-sm-12\"><div class=\"vc_column-inner\"><div class=\"wpb_wrapper\"><div class=\"separator  transparent\" style=\"margin-top: 50px;\"><\/div>\n<\/div><\/div><\/div><\/div><\/div>{:}<\/p>\n<\/div>","protected":false},"excerpt":{"rendered":"<p>{:fr}{:}{:en}{:}{:es}{:}<\/p>","protected":false},"author":1,"featured_media":0,"parent":0,"menu_order":0,"comment_status":"closed","ping_status":"closed","template":"","meta":[],"_links":{"self":[{"href":"https:\/\/www.lacremedeparis.com\/de\/wp-json\/wp\/v2\/pages\/1281"}],"collection":[{"href":"https:\/\/www.lacremedeparis.com\/de\/wp-json\/wp\/v2\/pages"}],"about":[{"href":"https:\/\/www.lacremedeparis.com\/de\/wp-json\/wp\/v2\/types\/page"}],"author":[{"embeddable":true,"href":"https:\/\/www.lacremedeparis.com\/de\/wp-json\/wp\/v2\/users\/1"}],"replies":[{"embeddable":true,"href":"https:\/\/www.lacremedeparis.com\/de\/wp-json\/wp\/v2\/comments?post=1281"}],"version-history":[{"count":26,"href":"https:\/\/www.lacremedeparis.com\/de\/wp-json\/wp\/v2\/pages\/1281\/revisions"}],"predecessor-version":[{"id":2081,"href":"https:\/\/www.lacremedeparis.com\/de\/wp-json\/wp\/v2\/pages\/1281\/revisions\/2081"}],"wp:attachment":[{"href":"https:\/\/www.lacremedeparis.com\/de\/wp-json\/wp\/v2\/media?parent=1281"}],"curies":[{"name":"wp","href":"https:\/\/api.w.org\/{rel}","templated":true}]}}